{"id":7262,"date":"2022-02-04T10:27:46","date_gmt":"2022-02-04T09:27:46","guid":{"rendered":"https:\/\/chronopharma.fr\/?post_type=product&#038;p=7262"},"modified":"2026-02-04T23:57:02","modified_gmt":"2026-02-04T22:57:02","slug":"bouteille-isotherme-intelligente-2","status":"publish","type":"product","link":"https:\/\/chronopharma.fr\/?product=bouteille-isotherme-intelligente-2","title":{"rendered":"Bouteille Isotherme Intelligente"},"content":{"rendered":"<h1><span style=\"font-size: 18pt;\">11Caract\u00e9ristique :\u00a0<\/span><\/h1>\n<p>L\u2019ext\u00e9rieur de la bouteille lisse et agr\u00e9able.<\/p>\n<p>Acier inoxydable avec indicateur de temp\u00e9rature \u00e0 \u00e9cran LED.<\/p>\n<h2><span style=\"font-size: 14pt;\">Si pr\u00e9sentoir offert :\u00a0<\/span><\/h2>\n<p>Pr\u00e9sentoir de 24 et 2 UG au Tarif de 11,99 \u20ac soit 7% d\u2019UG.<\/p>\n<p>Pr\u00e9sentoir de 30 et 3 UG au Tarif de 11,99 \u20ac soit 10% d\u2019UG.<\/p>\n<p>Largeur : 40 cm\u00a0 &#8211; Hauteur : 167 cm<\/p>\n<p>Longueur \/ Profondeur : 30 cm<\/p>\n<p>Sur Roulette \u00e0 4 roues<\/p>\n","protected":false},"excerpt":{"rendered":"<h1><span style=\"font-size: 18pt; color: #ff0000;\"><strong>Pr\u00e9sentoir offert pour l\u2019achat de 22 bouteilles +2 UG !<\/strong><\/span><\/h1>\n<p>Pratique \u00e0 emporter n\u2019importe o\u00f9, la bouteille Isotherme Intelligente Pierre Yves M\u00e9dical, garde la boisson au chaud ou au froid jusqu\u2019\u00e0 10 heures.<\/p>\n<p>Facing aimant\u00e9 interchangeable pour r\u00e9utilisation du pr\u00e9sentoir pour d\u2019autres produits PYMED.<\/p>\n","protected":false},"featured_media":7259,"comment_status":"open","ping_status":"closed","template":"","meta":{"_monsterinsights_skip_tracking":false,"_monsterinsights_sitenote_active":false,"_monsterinsights_sitenote_note":"","_monsterinsights_sitenote_category":0},"product_cat":[394,228,393],"product_tag":[],"bundled_by":[],"bundle_stock_status":"instock","bundle_stock_quantity":null,"bundle_virtual":false,"bundle_layout":"","bundle_add_to_cart_form_location":"","bundle_editable_in_cart":false,"bundle_sold_individually_context":"","bundle_item_grouping":"","bundle_min_size":"","bundle_max_size":"","bundled_items":[],"bundle_sell_ids":[],"yoast_head":"<!-- This site is optimized with the Yoast SEO plugin v16.5 - https:\/\/yoast.com\/wordpress\/plugins\/seo\/ -->\n<title>Bouteille Isotherme Intelligente - Chronopharma<\/title>\n<meta name=\"description\" content=\"\u00c9quipements m\u00e9dicaux avec un excellent rapport qualit\u00e9 prix. Livraison sous 24H ouvr\u00e9es. Livraison gratuite pour toute commande sup\u00e9rieure \u00e0 130\u20ac\" \/>\n<meta name=\"robots\" content=\"index, follow, max-snippet:-1, max-image-preview:large, max-video-preview:-1\" \/>\n<link rel=\"canonical\" href=\"https:\/\/chronopharma.fr\/?product=bouteille-isotherme-intelligente-2\" \/>\n<meta property=\"og:locale\" content=\"fr_FR\" \/>\n<meta property=\"og:type\" content=\"article\" \/>\n<meta property=\"og:title\" content=\"Bouteille Isotherme Intelligente - Chronopharma\" \/>\n<meta property=\"og:description\" content=\"\u00c9quipements m\u00e9dicaux avec un excellent rapport qualit\u00e9 prix. Livraison sous 24H ouvr\u00e9es. Livraison gratuite pour toute commande sup\u00e9rieure \u00e0 130\u20ac\" \/>\n<meta property=\"og:url\" content=\"https:\/\/chronopharma.fr\/?product=bouteille-isotherme-intelligente-2\" \/>\n<meta property=\"og:site_name\" content=\"Chronopharma\" \/>\n<meta property=\"article:modified_time\" content=\"2026-02-04T22:57:02+00:00\" \/>\n<meta property=\"og:image\" content=\"https:\/\/chronopharma.fr\/wp-content\/uploads\/2022\/02\/Capture-decran-2022-02-02-172644-1.jpg\" \/>\n\t<meta property=\"og:image:width\" content=\"621\" \/>\n\t<meta property=\"og:image:height\" content=\"527\" \/>\n<meta name=\"twitter:card\" content=\"summary_large_image\" \/>\n<meta name=\"twitter:label1\" content=\"Dur\u00e9e de lecture est.\" \/>\n\t<meta name=\"twitter:data1\" content=\"1 minute\" \/>\n<script type=\"application\/ld+json\" class=\"yoast-schema-graph\">{\"@context\":\"https:\/\/schema.org\",\"@graph\":[{\"@type\":\"Organization\",\"@id\":\"https:\/\/chronopharma.fr\/#organization\",\"name\":\"Chronopharma\",\"url\":\"https:\/\/chronopharma.fr\/\",\"sameAs\":[\"https:\/\/www.linkedin.com\/company\/pierre-yves-medical\/\"],\"logo\":{\"@type\":\"ImageObject\",\"@id\":\"https:\/\/chronopharma.fr\/#logo\",\"inLanguage\":\"fr-FR\",\"url\":\"http:\/\/chronopharma.fr\/wp-content\/uploads\/2021\/07\/cropped-Logo-2.png\",\"contentUrl\":\"http:\/\/chronopharma.fr\/wp-content\/uploads\/2021\/07\/cropped-Logo-2.png\",\"width\":512,\"height\":512,\"caption\":\"Chronopharma\"},\"image\":{\"@id\":\"https:\/\/chronopharma.fr\/#logo\"}},{\"@type\":\"WebSite\",\"@id\":\"https:\/\/chronopharma.fr\/#website\",\"url\":\"https:\/\/chronopharma.fr\/\",\"name\":\"Chronopharma\",\"description\":\"Mat\\u00e9riel m\\u00e9dical d\\u00e9di\\u00e9 \\u00e0 la protection contre les virus\",\"publisher\":{\"@id\":\"https:\/\/chronopharma.fr\/#organization\"},\"potentialAction\":[{\"@type\":\"SearchAction\",\"target\":\"https:\/\/chronopharma.fr\/?s={search_term_string}\",\"query-input\":\"required name=search_term_string\"}],\"inLanguage\":\"fr-FR\"},{\"@type\":\"ImageObject\",\"@id\":\"https:\/\/chronopharma.fr\/?product=bouteille-isotherme-intelligente-2#primaryimage\",\"inLanguage\":\"fr-FR\",\"url\":\"https:\/\/chronopharma.fr\/wp-content\/uploads\/2022\/02\/Capture-decran-2022-02-02-172644-1.jpg\",\"contentUrl\":\"https:\/\/chronopharma.fr\/wp-content\/uploads\/2022\/02\/Capture-decran-2022-02-02-172644-1.jpg\",\"width\":621,\"height\":527},{\"@type\":\"WebPage\",\"@id\":\"https:\/\/chronopharma.fr\/?product=bouteille-isotherme-intelligente-2#webpage\",\"url\":\"https:\/\/chronopharma.fr\/?product=bouteille-isotherme-intelligente-2\",\"name\":\"Bouteille Isotherme Intelligente - Chronopharma\",\"isPartOf\":{\"@id\":\"https:\/\/chronopharma.fr\/#website\"},\"primaryImageOfPage\":{\"@id\":\"https:\/\/chronopharma.fr\/?product=bouteille-isotherme-intelligente-2#primaryimage\"},\"datePublished\":\"2022-02-04T09:27:46+00:00\",\"dateModified\":\"2026-02-04T22:57:02+00:00\",\"description\":\"\\u00c9quipements m\\u00e9dicaux avec un excellent rapport qualit\\u00e9 prix. Livraison sous 24H ouvr\\u00e9es. Livraison gratuite pour toute commande sup\\u00e9rieure \\u00e0 130\\u20ac\",\"breadcrumb\":{\"@id\":\"https:\/\/chronopharma.fr\/?product=bouteille-isotherme-intelligente-2#breadcrumb\"},\"inLanguage\":\"fr-FR\",\"potentialAction\":[{\"@type\":\"ReadAction\",\"target\":[\"https:\/\/chronopharma.fr\/?product=bouteille-isotherme-intelligente-2\"]}]},{\"@type\":\"BreadcrumbList\",\"@id\":\"https:\/\/chronopharma.fr\/?product=bouteille-isotherme-intelligente-2#breadcrumb\",\"itemListElement\":[{\"@type\":\"ListItem\",\"position\":1,\"name\":\"Accueil\",\"item\":\"https:\/\/chronopharma.fr\/\"},{\"@type\":\"ListItem\",\"position\":2,\"name\":\"Shop\",\"item\":\"https:\/\/chronopharma.fr\/?page_id=3853\"},{\"@type\":\"ListItem\",\"position\":3,\"name\":\"Bouteille Isotherme Intelligente\"}]}]}<\/script>\n<!-- \/ Yoast SEO plugin. -->","_links":{"self":[{"href":"https:\/\/chronopharma.fr\/index.php?rest_route=\/wp\/v2\/product\/7262"}],"collection":[{"href":"https:\/\/chronopharma.fr\/index.php?rest_route=\/wp\/v2\/product"}],"about":[{"href":"https:\/\/chronopharma.fr\/index.php?rest_route=\/wp\/v2\/types\/product"}],"replies":[{"embeddable":true,"href":"https:\/\/chronopharma.fr\/index.php?rest_route=%2Fwp%2Fv2%2Fcomments&post=7262"}],"wp:featuredmedia":[{"embeddable":true,"href":"https:\/\/chronopharma.fr\/index.php?rest_route=\/wp\/v2\/media\/7259"}],"wp:attachment":[{"href":"https:\/\/chronopharma.fr\/index.php?rest_route=%2Fwp%2Fv2%2Fmedia&parent=7262"}],"wp:term":[{"taxonomy":"product_cat","embeddable":true,"href":"https:\/\/chronopharma.fr\/index.php?rest_route=%2Fwp%2Fv2%2Fproduct_cat&post=7262"},{"taxonomy":"product_tag","embeddable":true,"href":"https:\/\/chronopharma.fr\/index.php?rest_route=%2Fwp%2Fv2%2Fproduct_tag&post=7262"}],"curies":[{"name":"wp","href":"https:\/\/api.w.org\/{rel}","templated":true}]}}