{"id":7243,"date":"2022-01-21T12:46:18","date_gmt":"2022-01-21T11:46:18","guid":{"rendered":"https:\/\/chronopharma.fr\/?post_type=product&#038;p=7243"},"modified":"2026-02-05T00:01:53","modified_gmt":"2026-02-04T23:01:53","slug":"masques-ffp2-noir-20-sachets-unitaires-boite","status":"publish","type":"product","link":"https:\/\/chronopharma.fr\/?product=masques-ffp2-noir-20-sachets-unitaires-boite","title":{"rendered":"Masques FFP2 Noir 20 sachets unitaires\/boite"},"content":{"rendered":"<p><span style=\"font-size: 12pt;\">La d\u00e9signation\u00a0<b>FFP2<\/b> signifie qu\u2019il filtre au moins 94 % des particules pr\u00e9sentes dans l\u2019air. Le masque FFP2 doit \u00eatre homologu\u00e9 pour retenir au moins des particules jusqu\u2019\u00e0 0,6 <abbr class=\"abbr\" title=\"microm\u00e8tre\"><abbr title=\"microm\u00e8tre (micron)\">\u00b5m<\/abbr><\/abbr><sup id=\"cite_ref-ssibe.cat_8-1\" class=\"reference\"><\/sup>.<\/span><\/p>\n<ul>\n<li><span style=\"font-size: 12pt;\">Taux minimum de p\u00e9n\u00e9tration (ou filtration) d\u2019a\u00e9rosols\/particules retenus par le m\u00e9dia-filtrant du masque : 94 %.<\/span><\/li>\n<li><span style=\"font-size: 12pt;\">Taux maximum FTI (Fuite Totale vers l\u2019Int\u00e9rieur) ou taux d\u2019air non filtr\u00e9 qui ne passe pas \u00e0 travers le filtre, mais rentrant \u00e0 l\u2019int\u00e9rieur du masque : 8 %<sup id=\"cite_ref-inrs_9-0\" class=\"reference\"><\/sup>. <\/span><\/li>\n<\/ul>\n<p><span style=\"font-size: 14pt;\">Masque de protection respiratoire conforme \u00e0 la norme europ\u00e9enne en 14683 : 2019<\/span><\/p>\n<p><span style=\"font-size: 12pt;\">60mmx105mm <\/span> <span style=\"font-size: 14pt;\"><span style=\"font-size: 12pt;\">44\u2009% fibre non-tiss\u00e9, 28\u2009% microfibre meltblown, 28\u2009% coton \u00e0 air chaud<\/span> <\/span><\/p>\n","protected":false},"excerpt":{"rendered":"<p><span style=\"font-size: 14pt;\"><strong>Type :<\/strong> <span style=\"color: #ff0000;\">FFP2\u00a0 \u00a0 \u00a0 \u00a0 \u00a0 \u00a0 \u00a0 \u00a0 \u00a0 \u00a0 \u00a0 \u00a0 \u00a0 \u00a0 \u00a0 <\/span><\/span><span style=\"font-size: 14pt;\"><strong>Coloris :<\/strong> <span style=\"color: #ff0000;\">Noir<\/span><\/span><\/p>\n<p><span style=\"font-size: 14pt;\"><strong>Minimum d&rsquo;achat : <\/strong><span style=\"color: #ff0000;\">20<\/span><\/span><span style=\"color: #ff0000;\">\u00a0\u00a0<\/span><span style=\"color: #ff0000; font-size: 14pt;\">Sachets = 1 Boite<\/span><\/p>\n<p><span style=\"font-size: 14pt;\"><strong>Palier d&rsquo;achat :<\/strong><\/span> 10<span style=\"color: #ff0000; font-size: 14pt;\"> Boites par 10 Boites<\/span><\/p>\n<p><span style=\"font-size: 14pt;\"><strong>Conditionnement :<\/strong> <span style=\"color: #ff0000;\">20 sachets individuels\/boites, 50 Boites\/Colis<\/span><\/span><\/p>\n<p>&nbsp;<\/p>\n","protected":false},"featured_media":7244,"comment_status":"open","ping_status":"closed","template":"","meta":{"_monsterinsights_skip_tracking":false,"_monsterinsights_sitenote_active":false,"_monsterinsights_sitenote_note":"","_monsterinsights_sitenote_category":0},"product_cat":[305,226,233],"product_tag":[279,278,280,287,281,283],"bundled_by":[],"bundle_stock_status":"instock","bundle_stock_quantity":null,"bundle_virtual":false,"bundle_layout":"","bundle_add_to_cart_form_location":"","bundle_editable_in_cart":false,"bundle_sold_individually_context":"","bundle_item_grouping":"","bundle_min_size":"","bundle_max_size":"","bundled_items":[],"bundle_sell_ids":[],"yoast_head":"<!-- This site is optimized with the Yoast SEO plugin v16.5 - https:\/\/yoast.com\/wordpress\/plugins\/seo\/ -->\n<title>Masques FFP2 Noir 20 sachets unitaires\/boite - Chronopharma<\/title>\n<meta name=\"description\" content=\"\u00c9quipements m\u00e9dicaux avec un excellent rapport qualit\u00e9 prix. Livraison sous 24H ouvr\u00e9es. Livraison gratuite pour toute commande sup\u00e9rieure \u00e0 130\u20ac\" \/>\n<meta name=\"robots\" content=\"index, follow, max-snippet:-1, max-image-preview:large, max-video-preview:-1\" \/>\n<link rel=\"canonical\" href=\"https:\/\/chronopharma.fr\/?product=masques-ffp2-noir-20-sachets-unitaires-boite\" \/>\n<meta property=\"og:locale\" content=\"fr_FR\" \/>\n<meta property=\"og:type\" content=\"article\" \/>\n<meta property=\"og:title\" content=\"Masques FFP2 Noir 20 sachets unitaires\/boite - Chronopharma\" \/>\n<meta property=\"og:description\" content=\"\u00c9quipements m\u00e9dicaux avec un excellent rapport qualit\u00e9 prix. Livraison sous 24H ouvr\u00e9es. Livraison gratuite pour toute commande sup\u00e9rieure \u00e0 130\u20ac\" \/>\n<meta property=\"og:url\" content=\"https:\/\/chronopharma.fr\/?product=masques-ffp2-noir-20-sachets-unitaires-boite\" \/>\n<meta property=\"og:site_name\" content=\"Chronopharma\" \/>\n<meta property=\"article:modified_time\" content=\"2026-02-04T23:01:53+00:00\" \/>\n<meta property=\"og:image\" content=\"https:\/\/chronopharma.fr\/wp-content\/uploads\/2022\/01\/FFP2-noir-image.png\" \/>\n\t<meta property=\"og:image:width\" content=\"429\" \/>\n\t<meta property=\"og:image:height\" content=\"388\" \/>\n<meta name=\"twitter:card\" content=\"summary_large_image\" \/>\n<meta name=\"twitter:label1\" content=\"Dur\u00e9e de lecture est.\" \/>\n\t<meta name=\"twitter:data1\" content=\"1 minute\" \/>\n<script type=\"application\/ld+json\" class=\"yoast-schema-graph\">{\"@context\":\"https:\/\/schema.org\",\"@graph\":[{\"@type\":\"Organization\",\"@id\":\"https:\/\/chronopharma.fr\/#organization\",\"name\":\"Chronopharma\",\"url\":\"https:\/\/chronopharma.fr\/\",\"sameAs\":[\"https:\/\/www.linkedin.com\/company\/pierre-yves-medical\/\"],\"logo\":{\"@type\":\"ImageObject\",\"@id\":\"https:\/\/chronopharma.fr\/#logo\",\"inLanguage\":\"fr-FR\",\"url\":\"http:\/\/chronopharma.fr\/wp-content\/uploads\/2021\/07\/cropped-Logo-2.png\",\"contentUrl\":\"http:\/\/chronopharma.fr\/wp-content\/uploads\/2021\/07\/cropped-Logo-2.png\",\"width\":512,\"height\":512,\"caption\":\"Chronopharma\"},\"image\":{\"@id\":\"https:\/\/chronopharma.fr\/#logo\"}},{\"@type\":\"WebSite\",\"@id\":\"https:\/\/chronopharma.fr\/#website\",\"url\":\"https:\/\/chronopharma.fr\/\",\"name\":\"Chronopharma\",\"description\":\"Mat\\u00e9riel m\\u00e9dical d\\u00e9di\\u00e9 \\u00e0 la protection contre les virus\",\"publisher\":{\"@id\":\"https:\/\/chronopharma.fr\/#organization\"},\"potentialAction\":[{\"@type\":\"SearchAction\",\"target\":\"https:\/\/chronopharma.fr\/?s={search_term_string}\",\"query-input\":\"required name=search_term_string\"}],\"inLanguage\":\"fr-FR\"},{\"@type\":\"ImageObject\",\"@id\":\"https:\/\/chronopharma.fr\/?product=masques-ffp2-noir-20-sachets-unitaires-boite#primaryimage\",\"inLanguage\":\"fr-FR\",\"url\":\"https:\/\/chronopharma.fr\/wp-content\/uploads\/2022\/01\/FFP2-noir-image.png\",\"contentUrl\":\"https:\/\/chronopharma.fr\/wp-content\/uploads\/2022\/01\/FFP2-noir-image.png\",\"width\":429,\"height\":388},{\"@type\":\"WebPage\",\"@id\":\"https:\/\/chronopharma.fr\/?product=masques-ffp2-noir-20-sachets-unitaires-boite#webpage\",\"url\":\"https:\/\/chronopharma.fr\/?product=masques-ffp2-noir-20-sachets-unitaires-boite\",\"name\":\"Masques FFP2 Noir 20 sachets unitaires\/boite - Chronopharma\",\"isPartOf\":{\"@id\":\"https:\/\/chronopharma.fr\/#website\"},\"primaryImageOfPage\":{\"@id\":\"https:\/\/chronopharma.fr\/?product=masques-ffp2-noir-20-sachets-unitaires-boite#primaryimage\"},\"datePublished\":\"2022-01-21T11:46:18+00:00\",\"dateModified\":\"2026-02-04T23:01:53+00:00\",\"description\":\"\\u00c9quipements m\\u00e9dicaux avec un excellent rapport qualit\\u00e9 prix. Livraison sous 24H ouvr\\u00e9es. Livraison gratuite pour toute commande sup\\u00e9rieure \\u00e0 130\\u20ac\",\"breadcrumb\":{\"@id\":\"https:\/\/chronopharma.fr\/?product=masques-ffp2-noir-20-sachets-unitaires-boite#breadcrumb\"},\"inLanguage\":\"fr-FR\",\"potentialAction\":[{\"@type\":\"ReadAction\",\"target\":[\"https:\/\/chronopharma.fr\/?product=masques-ffp2-noir-20-sachets-unitaires-boite\"]}]},{\"@type\":\"BreadcrumbList\",\"@id\":\"https:\/\/chronopharma.fr\/?product=masques-ffp2-noir-20-sachets-unitaires-boite#breadcrumb\",\"itemListElement\":[{\"@type\":\"ListItem\",\"position\":1,\"name\":\"Accueil\",\"item\":\"https:\/\/chronopharma.fr\/\"},{\"@type\":\"ListItem\",\"position\":2,\"name\":\"Shop\",\"item\":\"https:\/\/chronopharma.fr\/?page_id=3853\"},{\"@type\":\"ListItem\",\"position\":3,\"name\":\"Masques FFP2 Noir 20 sachets unitaires\/boite\"}]}]}<\/script>\n<!-- \/ Yoast SEO plugin. -->","_links":{"self":[{"href":"https:\/\/chronopharma.fr\/index.php?rest_route=\/wp\/v2\/product\/7243"}],"collection":[{"href":"https:\/\/chronopharma.fr\/index.php?rest_route=\/wp\/v2\/product"}],"about":[{"href":"https:\/\/chronopharma.fr\/index.php?rest_route=\/wp\/v2\/types\/product"}],"replies":[{"embeddable":true,"href":"https:\/\/chronopharma.fr\/index.php?rest_route=%2Fwp%2Fv2%2Fcomments&post=7243"}],"wp:featuredmedia":[{"embeddable":true,"href":"https:\/\/chronopharma.fr\/index.php?rest_route=\/wp\/v2\/media\/7244"}],"wp:attachment":[{"href":"https:\/\/chronopharma.fr\/index.php?rest_route=%2Fwp%2Fv2%2Fmedia&parent=7243"}],"wp:term":[{"taxonomy":"product_cat","embeddable":true,"href":"https:\/\/chronopharma.fr\/index.php?rest_route=%2Fwp%2Fv2%2Fproduct_cat&post=7243"},{"taxonomy":"product_tag","embeddable":true,"href":"https:\/\/chronopharma.fr\/index.php?rest_route=%2Fwp%2Fv2%2Fproduct_tag&post=7243"}],"curies":[{"name":"wp","href":"https:\/\/api.w.org\/{rel}","templated":true}]}}