{"id":7226,"date":"2022-01-05T11:56:21","date_gmt":"2022-01-05T10:56:21","guid":{"rendered":"https:\/\/chronopharma.fr\/?post_type=product&#038;p=7226"},"modified":"2026-02-05T00:00:18","modified_gmt":"2026-02-04T23:00:18","slug":"masque-ffp2-orish","status":"publish","type":"product","link":"https:\/\/chronopharma.fr\/?product=masque-ffp2-orish","title":{"rendered":"Masque FFP2 Xiaozhen- 28pcs\/boite"},"content":{"rendered":"<p><span style=\"font-size: 12pt; color: #000000;\">28 masques emball\u00e9s individuellement, avec mousse pour le nez.<\/span><\/p>\n<p>La d\u00e9signation\u00a0<b>FFP2<\/b> signifie qu\u2019il filtre au moins 94 % des particules pr\u00e9sentes dans l\u2019air. Le masque FFP2 doit \u00eatre homologu\u00e9 pour retenir au moins des particules jusqu\u2019\u00e0 0,6 <abbr class=\"abbr\" title=\"microm\u00e8tre\"><abbr title=\"microm\u00e8tre (micron)\">\u00b5m<\/abbr><\/abbr><sup id=\"cite_ref-ssibe.cat_8-1\" class=\"reference\"><\/sup>.<\/p>\n<p><span style=\"color: #000000;\">&#8211; Taux minimum de p\u00e9n\u00e9tration (ou filtration) d\u2019a\u00e9rosols\/particules retenus par le m\u00e9dia-filtrant du masque : 94%.<\/span><\/p>\n<p><span style=\"color: #000000;\">&#8211; Taux maximum FTI (Fuite Totale vers l\u2019Int\u00e9rieur) ou taux d\u2019air non filtr\u00e9 qui ne passe pas \u00e0 travers le filtre, mais rentrant \u00e0 l\u2019int\u00e9rieur du masque : 8 %<sup id=\"cite_ref-inrs_9-0\" class=\"reference\"><\/sup><span style=\"font-size: 12pt;\">.<\/span><\/span><\/p>\n<p><span style=\"font-size: 12pt; color: #000000;\">Les fabricants utilisent des \u00e9lastiques de couleur blanche ou bleue pour l\u2019identifier.<\/span><\/p>\n","protected":false},"excerpt":{"rendered":"<p><span style=\"font-size: 14pt;\"><strong>Type :<\/strong> <span style=\"color: #ff0000;\">FFP2\u00a0 \u00a0 \u00a0 \u00a0 \u00a0 \u00a0 \u00a0 \u00a0 \u00a0 \u00a0 \u00a0 \u00a0 \u00a0 \u00a0 \u00a0 <\/span><\/span><span style=\"font-size: 14pt;\"><strong>Coloris :<\/strong> <span style=\"color: #ff0000;\">Blanc<\/span><\/span><\/p>\n<p><span style=\"font-size: 14pt;\"><strong>Minimum d&rsquo;achat : <\/strong><span style=\"color: #ff0000;\">20 Boites<\/span><\/span><\/p>\n<p><strong><span style=\"font-size: 14pt;\">Palier d&rsquo;achat : <\/span><\/strong><span style=\"font-size: 14pt;\"><span style=\"color: #ff0000;\">10 Boites par 10 Boites<\/span><\/span><\/p>\n<p><span style=\"font-size: 14pt;\"><strong>Conditionnement :<\/strong> <span style=\"color: #ff0000;\">28 sachets individuels\/Boite, 63 Boites\/Colis<\/span><\/span><\/p>\n","protected":false},"featured_media":7240,"comment_status":"open","ping_status":"closed","template":"","meta":{"_monsterinsights_skip_tracking":false,"_monsterinsights_sitenote_active":false,"_monsterinsights_sitenote_note":"","_monsterinsights_sitenote_category":0},"product_cat":[305,226,233],"product_tag":[],"bundled_by":[],"bundle_stock_status":"instock","bundle_stock_quantity":null,"bundle_virtual":false,"bundle_layout":"","bundle_add_to_cart_form_location":"","bundle_editable_in_cart":false,"bundle_sold_individually_context":"","bundle_item_grouping":"","bundle_min_size":"","bundle_max_size":"","bundled_items":[],"bundle_sell_ids":[],"yoast_head":"<!-- This site is optimized with the Yoast SEO plugin v16.5 - https:\/\/yoast.com\/wordpress\/plugins\/seo\/ -->\n<title>Masque FFP2 Xiaozhen- 28pcs\/boite - Chronopharma<\/title>\n<meta name=\"description\" content=\"\u00c9quipements m\u00e9dicaux avec un excellent rapport qualit\u00e9 prix. Livraison sous 24H ouvr\u00e9es. Livraison gratuite pour toute commande sup\u00e9rieure \u00e0 130\u20ac\" \/>\n<meta name=\"robots\" content=\"index, follow, max-snippet:-1, max-image-preview:large, max-video-preview:-1\" \/>\n<link rel=\"canonical\" href=\"https:\/\/chronopharma.fr\/?product=masque-ffp2-orish\" \/>\n<meta property=\"og:locale\" content=\"fr_FR\" \/>\n<meta property=\"og:type\" content=\"article\" \/>\n<meta property=\"og:title\" content=\"Masque FFP2 Xiaozhen- 28pcs\/boite - Chronopharma\" \/>\n<meta property=\"og:description\" content=\"\u00c9quipements m\u00e9dicaux avec un excellent rapport qualit\u00e9 prix. Livraison sous 24H ouvr\u00e9es. Livraison gratuite pour toute commande sup\u00e9rieure \u00e0 130\u20ac\" \/>\n<meta property=\"og:url\" content=\"https:\/\/chronopharma.fr\/?product=masque-ffp2-orish\" \/>\n<meta property=\"og:site_name\" content=\"Chronopharma\" \/>\n<meta property=\"article:modified_time\" content=\"2026-02-04T23:00:18+00:00\" \/>\n<meta property=\"og:image\" content=\"https:\/\/chronopharma.fr\/wp-content\/uploads\/2022\/01\/0-xiaozhen-FFP2-Copie.jpg\" \/>\n\t<meta property=\"og:image:width\" content=\"800\" \/>\n\t<meta property=\"og:image:height\" content=\"800\" \/>\n<meta name=\"twitter:card\" content=\"summary_large_image\" \/>\n<meta name=\"twitter:label1\" content=\"Dur\u00e9e de lecture est.\" \/>\n\t<meta name=\"twitter:data1\" content=\"1 minute\" \/>\n<script type=\"application\/ld+json\" class=\"yoast-schema-graph\">{\"@context\":\"https:\/\/schema.org\",\"@graph\":[{\"@type\":\"Organization\",\"@id\":\"https:\/\/chronopharma.fr\/#organization\",\"name\":\"Chronopharma\",\"url\":\"https:\/\/chronopharma.fr\/\",\"sameAs\":[\"https:\/\/www.linkedin.com\/company\/pierre-yves-medical\/\"],\"logo\":{\"@type\":\"ImageObject\",\"@id\":\"https:\/\/chronopharma.fr\/#logo\",\"inLanguage\":\"fr-FR\",\"url\":\"http:\/\/chronopharma.fr\/wp-content\/uploads\/2021\/07\/cropped-Logo-2.png\",\"contentUrl\":\"http:\/\/chronopharma.fr\/wp-content\/uploads\/2021\/07\/cropped-Logo-2.png\",\"width\":512,\"height\":512,\"caption\":\"Chronopharma\"},\"image\":{\"@id\":\"https:\/\/chronopharma.fr\/#logo\"}},{\"@type\":\"WebSite\",\"@id\":\"https:\/\/chronopharma.fr\/#website\",\"url\":\"https:\/\/chronopharma.fr\/\",\"name\":\"Chronopharma\",\"description\":\"Mat\\u00e9riel m\\u00e9dical d\\u00e9di\\u00e9 \\u00e0 la protection contre les virus\",\"publisher\":{\"@id\":\"https:\/\/chronopharma.fr\/#organization\"},\"potentialAction\":[{\"@type\":\"SearchAction\",\"target\":\"https:\/\/chronopharma.fr\/?s={search_term_string}\",\"query-input\":\"required name=search_term_string\"}],\"inLanguage\":\"fr-FR\"},{\"@type\":\"ImageObject\",\"@id\":\"https:\/\/chronopharma.fr\/?product=masque-ffp2-orish#primaryimage\",\"inLanguage\":\"fr-FR\",\"url\":\"https:\/\/chronopharma.fr\/wp-content\/uploads\/2022\/01\/0-xiaozhen-FFP2-Copie.jpg\",\"contentUrl\":\"https:\/\/chronopharma.fr\/wp-content\/uploads\/2022\/01\/0-xiaozhen-FFP2-Copie.jpg\",\"width\":800,\"height\":800},{\"@type\":\"WebPage\",\"@id\":\"https:\/\/chronopharma.fr\/?product=masque-ffp2-orish#webpage\",\"url\":\"https:\/\/chronopharma.fr\/?product=masque-ffp2-orish\",\"name\":\"Masque FFP2 Xiaozhen- 28pcs\/boite - Chronopharma\",\"isPartOf\":{\"@id\":\"https:\/\/chronopharma.fr\/#website\"},\"primaryImageOfPage\":{\"@id\":\"https:\/\/chronopharma.fr\/?product=masque-ffp2-orish#primaryimage\"},\"datePublished\":\"2022-01-05T10:56:21+00:00\",\"dateModified\":\"2026-02-04T23:00:18+00:00\",\"description\":\"\\u00c9quipements m\\u00e9dicaux avec un excellent rapport qualit\\u00e9 prix. Livraison sous 24H ouvr\\u00e9es. Livraison gratuite pour toute commande sup\\u00e9rieure \\u00e0 130\\u20ac\",\"breadcrumb\":{\"@id\":\"https:\/\/chronopharma.fr\/?product=masque-ffp2-orish#breadcrumb\"},\"inLanguage\":\"fr-FR\",\"potentialAction\":[{\"@type\":\"ReadAction\",\"target\":[\"https:\/\/chronopharma.fr\/?product=masque-ffp2-orish\"]}]},{\"@type\":\"BreadcrumbList\",\"@id\":\"https:\/\/chronopharma.fr\/?product=masque-ffp2-orish#breadcrumb\",\"itemListElement\":[{\"@type\":\"ListItem\",\"position\":1,\"name\":\"Accueil\",\"item\":\"https:\/\/chronopharma.fr\/\"},{\"@type\":\"ListItem\",\"position\":2,\"name\":\"Shop\",\"item\":\"https:\/\/chronopharma.fr\/?page_id=3853\"},{\"@type\":\"ListItem\",\"position\":3,\"name\":\"Masque FFP2 Xiaozhen- 28pcs\/boite\"}]}]}<\/script>\n<!-- \/ Yoast SEO plugin. -->","_links":{"self":[{"href":"https:\/\/chronopharma.fr\/index.php?rest_route=\/wp\/v2\/product\/7226"}],"collection":[{"href":"https:\/\/chronopharma.fr\/index.php?rest_route=\/wp\/v2\/product"}],"about":[{"href":"https:\/\/chronopharma.fr\/index.php?rest_route=\/wp\/v2\/types\/product"}],"replies":[{"embeddable":true,"href":"https:\/\/chronopharma.fr\/index.php?rest_route=%2Fwp%2Fv2%2Fcomments&post=7226"}],"wp:featuredmedia":[{"embeddable":true,"href":"https:\/\/chronopharma.fr\/index.php?rest_route=\/wp\/v2\/media\/7240"}],"wp:attachment":[{"href":"https:\/\/chronopharma.fr\/index.php?rest_route=%2Fwp%2Fv2%2Fmedia&parent=7226"}],"wp:term":[{"taxonomy":"product_cat","embeddable":true,"href":"https:\/\/chronopharma.fr\/index.php?rest_route=%2Fwp%2Fv2%2Fproduct_cat&post=7226"},{"taxonomy":"product_tag","embeddable":true,"href":"https:\/\/chronopharma.fr\/index.php?rest_route=%2Fwp%2Fv2%2Fproduct_tag&post=7226"}],"curies":[{"name":"wp","href":"https:\/\/api.w.org\/{rel}","templated":true}]}}