{"id":7017,"date":"2021-12-07T10:43:08","date_gmt":"2021-12-07T09:43:08","guid":{"rendered":"https:\/\/chronopharma.fr\/?post_type=product&#038;p=7017"},"modified":"2022-02-14T15:26:59","modified_gmt":"2022-02-14T14:26:59","slug":"rollator-2-roues-londres-2","status":"publish","type":"product","link":"https:\/\/chronopharma.fr\/?product=rollator-2-roues-londres-2","title":{"rendered":"ROLLATOR 2 ROUES LONDRES"},"content":{"rendered":"<p>Caract\u00e9ristiques techniques :<br \/>\nProfondeur hors-tout : 530 mm<br \/>\nLargeur hors-tout : 580 mm<br \/>\nLargeur pli\u00e9 : 140 mm<br \/>\nPoids total : 5,4 kg<br \/>\nPoids maximal support\u00e9 : 100 kg<\/p>\n","protected":false},"excerpt":{"rendered":"<p>Les embouts antid\u00e9rapants assurent une bonne stabilit\u00e9 \u00e0 l\u2019arr\u00eat.<br \/>\nIl est \u00e9quip\u00e9 d\u2019un si\u00e8ge et est pliable.<\/p>\n","protected":false},"featured_media":6883,"comment_status":"open","ping_status":"closed","template":"","meta":{"_monsterinsights_skip_tracking":false,"_monsterinsights_sitenote_active":false,"_monsterinsights_sitenote_note":"","_monsterinsights_sitenote_category":0},"product_cat":[307,395,323],"product_tag":[],"bundled_by":[],"bundle_stock_status":"instock","bundle_stock_quantity":null,"bundle_virtual":false,"bundle_layout":"","bundle_add_to_cart_form_location":"","bundle_editable_in_cart":false,"bundle_sold_individually_context":"","bundle_item_grouping":"","bundle_min_size":"","bundle_max_size":"","bundled_items":[],"bundle_sell_ids":[],"yoast_head":"<!-- This site is optimized with the Yoast SEO plugin v16.5 - https:\/\/yoast.com\/wordpress\/plugins\/seo\/ -->\n<title>ROLLATOR 2 ROUES LONDRES - Chronopharma<\/title>\n<meta name=\"description\" content=\"\u00c9quipements m\u00e9dicaux avec un excellent rapport qualit\u00e9 prix. Livraison sous 24H ouvr\u00e9es. Livraison gratuite pour toute commande sup\u00e9rieure \u00e0 130\u20ac\" \/>\n<meta name=\"robots\" content=\"index, follow, max-snippet:-1, max-image-preview:large, max-video-preview:-1\" \/>\n<link rel=\"canonical\" href=\"https:\/\/chronopharma.fr\/?product=rollator-2-roues-londres-2\" \/>\n<meta property=\"og:locale\" content=\"fr_FR\" \/>\n<meta property=\"og:type\" content=\"article\" \/>\n<meta property=\"og:title\" content=\"ROLLATOR 2 ROUES LONDRES - Chronopharma\" \/>\n<meta property=\"og:description\" content=\"\u00c9quipements m\u00e9dicaux avec un excellent rapport qualit\u00e9 prix. Livraison sous 24H ouvr\u00e9es. Livraison gratuite pour toute commande sup\u00e9rieure \u00e0 130\u20ac\" \/>\n<meta property=\"og:url\" content=\"https:\/\/chronopharma.fr\/?product=rollator-2-roues-londres-2\" \/>\n<meta property=\"og:site_name\" content=\"Chronopharma\" \/>\n<meta property=\"article:modified_time\" content=\"2022-02-14T14:26:59+00:00\" \/>\n<meta property=\"og:image\" content=\"https:\/\/chronopharma.fr\/wp-content\/uploads\/2021\/12\/Rollator-2-roues-Londres.png\" \/>\n\t<meta property=\"og:image:width\" content=\"800\" \/>\n\t<meta property=\"og:image:height\" content=\"800\" \/>\n<meta name=\"twitter:card\" content=\"summary_large_image\" \/>\n<script type=\"application\/ld+json\" class=\"yoast-schema-graph\">{\"@context\":\"https:\/\/schema.org\",\"@graph\":[{\"@type\":\"Organization\",\"@id\":\"https:\/\/chronopharma.fr\/#organization\",\"name\":\"Chronopharma\",\"url\":\"https:\/\/chronopharma.fr\/\",\"sameAs\":[\"https:\/\/www.linkedin.com\/company\/pierre-yves-medical\/\"],\"logo\":{\"@type\":\"ImageObject\",\"@id\":\"https:\/\/chronopharma.fr\/#logo\",\"inLanguage\":\"fr-FR\",\"url\":\"http:\/\/chronopharma.fr\/wp-content\/uploads\/2021\/07\/cropped-Logo-2.png\",\"contentUrl\":\"http:\/\/chronopharma.fr\/wp-content\/uploads\/2021\/07\/cropped-Logo-2.png\",\"width\":512,\"height\":512,\"caption\":\"Chronopharma\"},\"image\":{\"@id\":\"https:\/\/chronopharma.fr\/#logo\"}},{\"@type\":\"WebSite\",\"@id\":\"https:\/\/chronopharma.fr\/#website\",\"url\":\"https:\/\/chronopharma.fr\/\",\"name\":\"Chronopharma\",\"description\":\"Mat\\u00e9riel m\\u00e9dical d\\u00e9di\\u00e9 \\u00e0 la protection contre les virus\",\"publisher\":{\"@id\":\"https:\/\/chronopharma.fr\/#organization\"},\"potentialAction\":[{\"@type\":\"SearchAction\",\"target\":\"https:\/\/chronopharma.fr\/?s={search_term_string}\",\"query-input\":\"required name=search_term_string\"}],\"inLanguage\":\"fr-FR\"},{\"@type\":\"ImageObject\",\"@id\":\"https:\/\/chronopharma.fr\/?product=rollator-2-roues-londres-2#primaryimage\",\"inLanguage\":\"fr-FR\",\"url\":\"https:\/\/chronopharma.fr\/wp-content\/uploads\/2021\/12\/Rollator-2-roues-Londres.png\",\"contentUrl\":\"https:\/\/chronopharma.fr\/wp-content\/uploads\/2021\/12\/Rollator-2-roues-Londres.png\",\"width\":800,\"height\":800},{\"@type\":\"WebPage\",\"@id\":\"https:\/\/chronopharma.fr\/?product=rollator-2-roues-londres-2#webpage\",\"url\":\"https:\/\/chronopharma.fr\/?product=rollator-2-roues-londres-2\",\"name\":\"ROLLATOR 2 ROUES LONDRES - Chronopharma\",\"isPartOf\":{\"@id\":\"https:\/\/chronopharma.fr\/#website\"},\"primaryImageOfPage\":{\"@id\":\"https:\/\/chronopharma.fr\/?product=rollator-2-roues-londres-2#primaryimage\"},\"datePublished\":\"2021-12-07T09:43:08+00:00\",\"dateModified\":\"2022-02-14T14:26:59+00:00\",\"description\":\"\\u00c9quipements m\\u00e9dicaux avec un excellent rapport qualit\\u00e9 prix. Livraison sous 24H ouvr\\u00e9es. Livraison gratuite pour toute commande sup\\u00e9rieure \\u00e0 130\\u20ac\",\"breadcrumb\":{\"@id\":\"https:\/\/chronopharma.fr\/?product=rollator-2-roues-londres-2#breadcrumb\"},\"inLanguage\":\"fr-FR\",\"potentialAction\":[{\"@type\":\"ReadAction\",\"target\":[\"https:\/\/chronopharma.fr\/?product=rollator-2-roues-londres-2\"]}]},{\"@type\":\"BreadcrumbList\",\"@id\":\"https:\/\/chronopharma.fr\/?product=rollator-2-roues-londres-2#breadcrumb\",\"itemListElement\":[{\"@type\":\"ListItem\",\"position\":1,\"name\":\"Accueil\",\"item\":\"https:\/\/chronopharma.fr\/\"},{\"@type\":\"ListItem\",\"position\":2,\"name\":\"Shop\",\"item\":\"https:\/\/chronopharma.fr\/?page_id=3853\"},{\"@type\":\"ListItem\",\"position\":3,\"name\":\"ROLLATOR 2 ROUES LONDRES\"}]}]}<\/script>\n<!-- \/ Yoast SEO plugin. -->","_links":{"self":[{"href":"https:\/\/chronopharma.fr\/index.php?rest_route=\/wp\/v2\/product\/7017"}],"collection":[{"href":"https:\/\/chronopharma.fr\/index.php?rest_route=\/wp\/v2\/product"}],"about":[{"href":"https:\/\/chronopharma.fr\/index.php?rest_route=\/wp\/v2\/types\/product"}],"replies":[{"embeddable":true,"href":"https:\/\/chronopharma.fr\/index.php?rest_route=%2Fwp%2Fv2%2Fcomments&post=7017"}],"wp:featuredmedia":[{"embeddable":true,"href":"https:\/\/chronopharma.fr\/index.php?rest_route=\/wp\/v2\/media\/6883"}],"wp:attachment":[{"href":"https:\/\/chronopharma.fr\/index.php?rest_route=%2Fwp%2Fv2%2Fmedia&parent=7017"}],"wp:term":[{"taxonomy":"product_cat","embeddable":true,"href":"https:\/\/chronopharma.fr\/index.php?rest_route=%2Fwp%2Fv2%2Fproduct_cat&post=7017"},{"taxonomy":"product_tag","embeddable":true,"href":"https:\/\/chronopharma.fr\/index.php?rest_route=%2Fwp%2Fv2%2Fproduct_tag&post=7017"}],"curies":[{"name":"wp","href":"https:\/\/api.w.org\/{rel}","templated":true}]}}