{"id":6725,"date":"2021-10-25T14:25:28","date_gmt":"2021-10-25T12:25:28","guid":{"rendered":"https:\/\/chronopharma.fr\/?post_type=product&#038;p=6725"},"modified":"2026-02-05T00:01:36","modified_gmt":"2026-02-04T23:01:36","slug":"masques-enfant-multicouleur-pymed-mix-fonce-type-iir","status":"publish","type":"product","link":"https:\/\/chronopharma.fr\/?product=masques-enfant-multicouleur-pymed-mix-fonce-type-iir","title":{"rendered":"Masques Enfant Multicouleur PYMED Mix FONCE Type IIR"},"content":{"rendered":"<h2><strong><span style=\"font-size: 10pt;\">Caract\u00e9ristiques techniques :<\/span><\/strong><\/h2>\n<h2><span style=\"font-size: 10pt;\"><strong>Mat\u00e9riaux :<\/strong> trois couches en polypropyl\u00e8ne ; \u00e9lastique de fixation : en caoutchouc ; barrette nasale m\u00e9tallique et recouverte de plastique 69 % non-tiss\u00e9 en tissu \u2013 31 % tissu souffl\u00e9 par fusion.<\/span><\/h2>\n<h2><span style=\"font-size: 10pt;\"><strong>Conformit\u00e9 :<\/strong> en14683<\/span><\/h2>\n<h2><span style=\"font-size: 10pt;\"><strong>Dimension :<\/strong> 175\u2009mm x 95 mm extr\u00eamement l\u00e9ger et confortable.<\/span><\/h2>\n<h2><span style=\"font-size: 10pt;\">Type iir filtration microbienne sup\u00e9rieure \u00e0 98\u2009% et r\u00e9sistance aux liquides lorsqu\u2019une personne respire, parle, tousse, \u00e9ternue, etc., elle rejette, en plus ou moins grande quantit\u00e9, des gouttelettes s\u00e9cr\u00e9t\u00e9es par les muqueuses de la bouche et du nez. Ces gouttelettes s\u2019\u00e9vaporent rapidement et laissent des particules en suspension dans l\u2019air. La majorit\u00e9 de ces particules pr\u00e9sentent un diam\u00e8tre compris entre 0,5 \u03bcm et 12 \u03bcm ; les plus grosses gouttelettes, en particulier, peuvent contenir des microorganismes originaires du site source. Les particules qu\u2019elles contiennent peuvent ensuite se propager dans l\u2019air vers un site sensible, comme une plaie ouverte due \u00e0 une op\u00e9ration ou un \u00e9quipement st\u00e9rile.<\/span><\/h2>\n","protected":false},"excerpt":{"rendered":"<p><span style=\"font-size: 14pt;\"><strong>Type :<\/strong> IIR<\/span><\/p>\n<p><span style=\"font-size: 14pt;\"><strong>Coloris :<\/strong> Blanc-Bleu-Noir-Gris-Vert<\/span><\/p>\n<p><span style=\"font-size: 14pt;\"><strong>Conditionnement :<\/strong> <span style=\"color: #ff0000;\">5 sachets de 10 masques, 40 Boites\/Colis<\/span><\/span><\/p>\n<p><span style=\"font-size: 14pt;\"><strong>Respirabilit\u00e9 :<\/strong> 45,2pa\/cm2 au test de respirabilit\u00e9.<\/span><\/p>\n<p><span style=\"font-size: 14pt;\"><strong>S\u00e9curit\u00e9 :<\/strong> R\u00e9sistance aux projections.<\/span><\/p>\n<p>&nbsp;<\/p>\n","protected":false},"featured_media":6726,"comment_status":"open","ping_status":"closed","template":"","meta":{"_monsterinsights_skip_tracking":false,"_monsterinsights_sitenote_active":false,"_monsterinsights_sitenote_note":"","_monsterinsights_sitenote_category":0},"product_cat":[305,226,234,235],"product_tag":[],"bundled_by":[],"bundle_stock_status":"outofstock","bundle_stock_quantity":null,"bundle_virtual":false,"bundle_layout":"","bundle_add_to_cart_form_location":"","bundle_editable_in_cart":false,"bundle_sold_individually_context":"","bundle_item_grouping":"","bundle_min_size":"","bundle_max_size":"","bundled_items":[],"bundle_sell_ids":[],"yoast_head":"<!-- This site is optimized with the Yoast SEO plugin v16.5 - https:\/\/yoast.com\/wordpress\/plugins\/seo\/ -->\n<title>Masques Enfant Multicouleur PYMED Mix FONCE Type IIR - Chronopharma<\/title>\n<meta name=\"description\" content=\"\u00c9quipements m\u00e9dicaux avec un excellent rapport qualit\u00e9 prix. Livraison sous 24H ouvr\u00e9es. Livraison gratuite pour toute commande sup\u00e9rieure \u00e0 130\u20ac\" \/>\n<meta name=\"robots\" content=\"index, follow, max-snippet:-1, max-image-preview:large, max-video-preview:-1\" \/>\n<link rel=\"canonical\" href=\"https:\/\/chronopharma.fr\/?product=masques-enfant-multicouleur-pymed-mix-fonce-type-iir\" \/>\n<meta property=\"og:locale\" content=\"fr_FR\" \/>\n<meta property=\"og:type\" content=\"article\" \/>\n<meta property=\"og:title\" content=\"Masques Enfant Multicouleur PYMED Mix FONCE Type IIR - Chronopharma\" \/>\n<meta property=\"og:description\" content=\"\u00c9quipements m\u00e9dicaux avec un excellent rapport qualit\u00e9 prix. Livraison sous 24H ouvr\u00e9es. Livraison gratuite pour toute commande sup\u00e9rieure \u00e0 130\u20ac\" \/>\n<meta property=\"og:url\" content=\"https:\/\/chronopharma.fr\/?product=masques-enfant-multicouleur-pymed-mix-fonce-type-iir\" \/>\n<meta property=\"og:site_name\" content=\"Chronopharma\" \/>\n<meta property=\"article:modified_time\" content=\"2026-02-04T23:01:36+00:00\" \/>\n<meta property=\"og:image\" content=\"https:\/\/chronopharma.fr\/wp-content\/uploads\/2021\/10\/Masque-Enfant-Fonce-Compresse-scaled.jpg\" \/>\n\t<meta property=\"og:image:width\" content=\"2560\" \/>\n\t<meta property=\"og:image:height\" content=\"1895\" \/>\n<meta name=\"twitter:card\" content=\"summary_large_image\" \/>\n<meta name=\"twitter:label1\" content=\"Dur\u00e9e de lecture est.\" \/>\n\t<meta name=\"twitter:data1\" content=\"1 minute\" \/>\n<script type=\"application\/ld+json\" class=\"yoast-schema-graph\">{\"@context\":\"https:\/\/schema.org\",\"@graph\":[{\"@type\":\"Organization\",\"@id\":\"https:\/\/chronopharma.fr\/#organization\",\"name\":\"Chronopharma\",\"url\":\"https:\/\/chronopharma.fr\/\",\"sameAs\":[\"https:\/\/www.linkedin.com\/company\/pierre-yves-medical\/\"],\"logo\":{\"@type\":\"ImageObject\",\"@id\":\"https:\/\/chronopharma.fr\/#logo\",\"inLanguage\":\"fr-FR\",\"url\":\"http:\/\/chronopharma.fr\/wp-content\/uploads\/2021\/07\/cropped-Logo-2.png\",\"contentUrl\":\"http:\/\/chronopharma.fr\/wp-content\/uploads\/2021\/07\/cropped-Logo-2.png\",\"width\":512,\"height\":512,\"caption\":\"Chronopharma\"},\"image\":{\"@id\":\"https:\/\/chronopharma.fr\/#logo\"}},{\"@type\":\"WebSite\",\"@id\":\"https:\/\/chronopharma.fr\/#website\",\"url\":\"https:\/\/chronopharma.fr\/\",\"name\":\"Chronopharma\",\"description\":\"Mat\\u00e9riel m\\u00e9dical d\\u00e9di\\u00e9 \\u00e0 la protection contre les virus\",\"publisher\":{\"@id\":\"https:\/\/chronopharma.fr\/#organization\"},\"potentialAction\":[{\"@type\":\"SearchAction\",\"target\":\"https:\/\/chronopharma.fr\/?s={search_term_string}\",\"query-input\":\"required name=search_term_string\"}],\"inLanguage\":\"fr-FR\"},{\"@type\":\"ImageObject\",\"@id\":\"https:\/\/chronopharma.fr\/?product=masques-enfant-multicouleur-pymed-mix-fonce-type-iir#primaryimage\",\"inLanguage\":\"fr-FR\",\"url\":\"https:\/\/chronopharma.fr\/wp-content\/uploads\/2021\/10\/Masque-Enfant-Fonce-Compresse-scaled.jpg\",\"contentUrl\":\"https:\/\/chronopharma.fr\/wp-content\/uploads\/2021\/10\/Masque-Enfant-Fonce-Compresse-scaled.jpg\",\"width\":2560,\"height\":1895,\"caption\":\"Masque Enfant\"},{\"@type\":\"WebPage\",\"@id\":\"https:\/\/chronopharma.fr\/?product=masques-enfant-multicouleur-pymed-mix-fonce-type-iir#webpage\",\"url\":\"https:\/\/chronopharma.fr\/?product=masques-enfant-multicouleur-pymed-mix-fonce-type-iir\",\"name\":\"Masques Enfant Multicouleur PYMED Mix FONCE Type IIR - Chronopharma\",\"isPartOf\":{\"@id\":\"https:\/\/chronopharma.fr\/#website\"},\"primaryImageOfPage\":{\"@id\":\"https:\/\/chronopharma.fr\/?product=masques-enfant-multicouleur-pymed-mix-fonce-type-iir#primaryimage\"},\"datePublished\":\"2021-10-25T12:25:28+00:00\",\"dateModified\":\"2026-02-04T23:01:36+00:00\",\"description\":\"\\u00c9quipements m\\u00e9dicaux avec un excellent rapport qualit\\u00e9 prix. Livraison sous 24H ouvr\\u00e9es. Livraison gratuite pour toute commande sup\\u00e9rieure \\u00e0 130\\u20ac\",\"breadcrumb\":{\"@id\":\"https:\/\/chronopharma.fr\/?product=masques-enfant-multicouleur-pymed-mix-fonce-type-iir#breadcrumb\"},\"inLanguage\":\"fr-FR\",\"potentialAction\":[{\"@type\":\"ReadAction\",\"target\":[\"https:\/\/chronopharma.fr\/?product=masques-enfant-multicouleur-pymed-mix-fonce-type-iir\"]}]},{\"@type\":\"BreadcrumbList\",\"@id\":\"https:\/\/chronopharma.fr\/?product=masques-enfant-multicouleur-pymed-mix-fonce-type-iir#breadcrumb\",\"itemListElement\":[{\"@type\":\"ListItem\",\"position\":1,\"name\":\"Accueil\",\"item\":\"https:\/\/chronopharma.fr\/\"},{\"@type\":\"ListItem\",\"position\":2,\"name\":\"Shop\",\"item\":\"https:\/\/chronopharma.fr\/?page_id=3853\"},{\"@type\":\"ListItem\",\"position\":3,\"name\":\"Masques Enfant Multicouleur PYMED Mix FONCE Type IIR\"}]}]}<\/script>\n<!-- \/ Yoast SEO plugin. -->","_links":{"self":[{"href":"https:\/\/chronopharma.fr\/index.php?rest_route=\/wp\/v2\/product\/6725"}],"collection":[{"href":"https:\/\/chronopharma.fr\/index.php?rest_route=\/wp\/v2\/product"}],"about":[{"href":"https:\/\/chronopharma.fr\/index.php?rest_route=\/wp\/v2\/types\/product"}],"replies":[{"embeddable":true,"href":"https:\/\/chronopharma.fr\/index.php?rest_route=%2Fwp%2Fv2%2Fcomments&post=6725"}],"wp:featuredmedia":[{"embeddable":true,"href":"https:\/\/chronopharma.fr\/index.php?rest_route=\/wp\/v2\/media\/6726"}],"wp:attachment":[{"href":"https:\/\/chronopharma.fr\/index.php?rest_route=%2Fwp%2Fv2%2Fmedia&parent=6725"}],"wp:term":[{"taxonomy":"product_cat","embeddable":true,"href":"https:\/\/chronopharma.fr\/index.php?rest_route=%2Fwp%2Fv2%2Fproduct_cat&post=6725"},{"taxonomy":"product_tag","embeddable":true,"href":"https:\/\/chronopharma.fr\/index.php?rest_route=%2Fwp%2Fv2%2Fproduct_tag&post=6725"}],"curies":[{"name":"wp","href":"https:\/\/api.w.org\/{rel}","templated":true}]}}