{"id":6636,"date":"2021-09-28T11:50:55","date_gmt":"2021-09-28T09:50:55","guid":{"rendered":"https:\/\/chronopharma.fr\/?post_type=product&#038;p=6636"},"modified":"2026-02-05T00:03:25","modified_gmt":"2026-02-04T23:03:25","slug":"masques-multicouleur-pymed-mix-clair-type-iir","status":"publish","type":"product","link":"https:\/\/chronopharma.fr\/?product=masques-multicouleur-pymed-mix-clair-type-iir","title":{"rendered":"Masques Multicouleur PYMED Arc-en-ciel Type IIR"},"content":{"rendered":"<pre><span style=\"font-family: georgia, palatino, serif; font-size: 12pt;\"><span style=\"color: #000000;\">Type IIR filtration microbienne sup\u00e9rieure \u00e0 98\u2009% et r\u00e9sistance aux liquides lorsqu\u2019une personne respire, parle, tousse, \u00e9ternue, etc., \r\nelle rejette, en plus ou moins grande quantit\u00e9, des gouttelettes s\u00e9cr\u00e9t\u00e9es par les muqueuses de la bouche et du nez.<\/span>\r\n\r\n<span style=\"color: #000000;\">Ces gouttelettes s\u2019\u00e9vaporent rapidement et laissent des particules en suspension dans l\u2019air. La majorit\u00e9 de ces particules pr\u00e9sentent un\r\ndiam\u00e8tre compris entre 0,5 \u00b5m et 12 \u00b5m ; les plus grosses gouttelettes, en particulier, peuvent contenir des microorganismes originaires\r\ndu site source. Les particules qu\u2019elles contiennent peuvent ensuite se propager dans l\u2019air vers un site sensible, comme une plaie ouverte \r\ndue \u00e0 une op\u00e9ration ou un \u00e9quipement st\u00e9rile.\r\n\r\nMat\u00e9riaux : Trois couches en polypropyl\u00e8ne ; \u00e9lastique ; en caoutchouc ; barrette nasale m\u00e9tallique et recouverte de plastique 69% non-tissu \r\n31 % tissu souffl\u00e9 par fusion.<\/span><\/span><\/pre>\n<pre><span style=\"font-size: 12pt; font-family: georgia, palatino, serif;\"><strong>Conformit\u00e9 :<\/strong> EN14683<\/span>\r\n<span style=\"font-size: 12pt; font-family: georgia, palatino, serif;\"><strong>S\u00e9curit\u00e9 :<\/strong> R\u00e9sistance aux projections.<\/span>\r\n<span style=\"font-size: 12pt; font-family: georgia, palatino, serif;\"><strong>Respirabilit\u00e9 :<\/strong> 45,2pa\/cm2 au test de respirabilit\u00e9.<\/span>\r\n<span style=\"font-size: 12pt; font-family: georgia, palatino, serif;\"><strong>Dimension <\/strong>: 175\u2009mm x 95 mm extr\u00eamement l\u00e9ger et confortable.<\/span><\/pre>\n","protected":false},"excerpt":{"rendered":"<p><span style=\"font-size: 14pt;\"><strong>Type :<\/strong> <span style=\"color: #ff0000;\">IIR\u00a0 \u00a0 \u00a0 \u00a0 \u00a0 \u00a0 \u00a0 \u00a0 \u00a0 \u00a0 \u00a0 \u00a0 \u00a0 \u00a0 \u00a0 <\/span><\/span><span style=\"font-size: 14pt;\"><strong>Coloris :<\/strong> <span style=\"color: #ff0000;\">Arc-En-Ciel<\/span><\/span><\/p>\n<p><span style=\"font-size: 14pt;\"><strong>Minimum d&rsquo;achat :<\/strong><\/span> 4 <span style=\"color: #ff0000; font-size: 14pt;\">Boites\u00a0<\/span><\/p>\n<p><span style=\"font-size: 14pt;\"><strong>Palier d&rsquo;achat :<\/strong><\/span> 1 <span style=\"color: #ff0000; font-size: 14pt;\">Boites par 1 Boites<\/span><\/p>\n<p><span style=\"font-size: 14pt;\"><strong>Conditionnement :<\/strong> <span style=\"color: #ff0000;\">5 sachets de 10 Masques\/Boite, 40 Boites\/Colis<\/span><\/span><\/p>\n<table style=\"border-collapse: collapse; width: 97.6902%; height: 144px;\">\n<tbody>\n<tr style=\"height: 24px;\">\n<td style=\"width: 15.1984%; text-align: center; height: 24px;\"><span style=\"color: #99cc00;\"><strong>EN BOITE<\/strong><\/span><\/td>\n<td style=\"width: 23.1655%; text-align: center; height: 24px;\"><span style=\"color: #99cc00;\"><b>PRIX DEGRESSIF PAR BOITE<\/b><\/span><\/td>\n<td style=\"width: 13.7632%; text-align: center; height: 24px;\"><span style=\"color: #99cc00;\"><strong>EN COLIS<\/strong><\/span><\/td>\n<td style=\"width: 23.1655%; text-align: center; height: 24px;\"><span style=\"color: #99cc00;\"><b>PRIX DEGRESSIF PAR COLIS<\/b><\/span><\/td>\n<\/tr>\n<tr style=\"height: 24px;\">\n<td style=\"width: 15.1984%; text-align: center; height: 24px;\">1 \u00e0 39<\/td>\n<td style=\"width: 23.1655%; text-align: center; height: 24px;\">4,50 \u20ac<\/td>\n<td style=\"width: 13.7632%; text-align: center; height: 24px;\">0,50<\/td>\n<td style=\"width: 23.1655%; text-align: center; height: 24px;\">91,80 \u20ac<\/td>\n<\/tr>\n<tr style=\"height: 24px;\">\n<td style=\"width: 15.1984%; text-align: center; height: 24px;\">40 et +<\/td>\n<td style=\"width: 23.1655%; text-align: center; height: 24px;\">4,25 \u20ac<\/td>\n<td style=\"width: 13.7632%; text-align: center; height: 24px;\">1 et +<\/td>\n<td style=\"width: 23.1655%; text-align: center; height: 24px;\">170,00 \u20ac<\/td>\n<\/tr>\n<\/tbody>\n<\/table>\n","protected":false},"featured_media":7251,"comment_status":"open","ping_status":"closed","template":"","meta":{"_monsterinsights_skip_tracking":false,"_monsterinsights_sitenote_active":false,"_monsterinsights_sitenote_note":"","_monsterinsights_sitenote_category":0},"product_cat":[305,226,234],"product_tag":[],"bundled_by":[],"bundle_stock_status":"instock","bundle_stock_quantity":null,"bundle_virtual":false,"bundle_layout":"","bundle_add_to_cart_form_location":"","bundle_editable_in_cart":false,"bundle_sold_individually_context":"","bundle_item_grouping":"","bundle_min_size":"","bundle_max_size":"","bundled_items":[],"bundle_sell_ids":[],"yoast_head":"<!-- This site is optimized with the Yoast SEO plugin v16.5 - https:\/\/yoast.com\/wordpress\/plugins\/seo\/ -->\n<title>Masques Multicouleur PYMED Arc-en-ciel Type IIR - Chronopharma<\/title>\n<meta name=\"description\" content=\"\u00c9quipements m\u00e9dicaux avec un excellent rapport qualit\u00e9 prix. Livraison sous 24H ouvr\u00e9es. Livraison gratuite pour toute commande sup\u00e9rieure \u00e0 130\u20ac\" \/>\n<meta name=\"robots\" content=\"index, follow, max-snippet:-1, max-image-preview:large, max-video-preview:-1\" \/>\n<link rel=\"canonical\" href=\"https:\/\/chronopharma.fr\/?product=masques-multicouleur-pymed-mix-clair-type-iir\" \/>\n<meta property=\"og:locale\" content=\"fr_FR\" \/>\n<meta property=\"og:type\" content=\"article\" \/>\n<meta property=\"og:title\" content=\"Masques Multicouleur PYMED Arc-en-ciel Type IIR - Chronopharma\" \/>\n<meta property=\"og:description\" content=\"\u00c9quipements m\u00e9dicaux avec un excellent rapport qualit\u00e9 prix. Livraison sous 24H ouvr\u00e9es. Livraison gratuite pour toute commande sup\u00e9rieure \u00e0 130\u20ac\" \/>\n<meta property=\"og:url\" content=\"https:\/\/chronopharma.fr\/?product=masques-multicouleur-pymed-mix-clair-type-iir\" \/>\n<meta property=\"og:site_name\" content=\"Chronopharma\" \/>\n<meta property=\"article:modified_time\" content=\"2026-02-04T23:03:25+00:00\" \/>\n<meta property=\"og:image\" content=\"https:\/\/chronopharma.fr\/wp-content\/uploads\/2021\/09\/a114484be2a70212a0c20c8d56089f4-scaled.jpg\" \/>\n\t<meta property=\"og:image:width\" content=\"2560\" \/>\n\t<meta property=\"og:image:height\" content=\"1920\" \/>\n<meta name=\"twitter:card\" content=\"summary_large_image\" \/>\n<meta name=\"twitter:label1\" content=\"Dur\u00e9e de lecture est.\" \/>\n\t<meta name=\"twitter:data1\" content=\"1 minute\" \/>\n<script type=\"application\/ld+json\" class=\"yoast-schema-graph\">{\"@context\":\"https:\/\/schema.org\",\"@graph\":[{\"@type\":\"Organization\",\"@id\":\"https:\/\/chronopharma.fr\/#organization\",\"name\":\"Chronopharma\",\"url\":\"https:\/\/chronopharma.fr\/\",\"sameAs\":[\"https:\/\/www.linkedin.com\/company\/pierre-yves-medical\/\"],\"logo\":{\"@type\":\"ImageObject\",\"@id\":\"https:\/\/chronopharma.fr\/#logo\",\"inLanguage\":\"fr-FR\",\"url\":\"http:\/\/chronopharma.fr\/wp-content\/uploads\/2021\/07\/cropped-Logo-2.png\",\"contentUrl\":\"http:\/\/chronopharma.fr\/wp-content\/uploads\/2021\/07\/cropped-Logo-2.png\",\"width\":512,\"height\":512,\"caption\":\"Chronopharma\"},\"image\":{\"@id\":\"https:\/\/chronopharma.fr\/#logo\"}},{\"@type\":\"WebSite\",\"@id\":\"https:\/\/chronopharma.fr\/#website\",\"url\":\"https:\/\/chronopharma.fr\/\",\"name\":\"Chronopharma\",\"description\":\"Mat\\u00e9riel m\\u00e9dical d\\u00e9di\\u00e9 \\u00e0 la protection contre les virus\",\"publisher\":{\"@id\":\"https:\/\/chronopharma.fr\/#organization\"},\"potentialAction\":[{\"@type\":\"SearchAction\",\"target\":\"https:\/\/chronopharma.fr\/?s={search_term_string}\",\"query-input\":\"required name=search_term_string\"}],\"inLanguage\":\"fr-FR\"},{\"@type\":\"ImageObject\",\"@id\":\"https:\/\/chronopharma.fr\/?product=masques-multicouleur-pymed-mix-clair-type-iir#primaryimage\",\"inLanguage\":\"fr-FR\",\"url\":\"https:\/\/chronopharma.fr\/wp-content\/uploads\/2021\/09\/a114484be2a70212a0c20c8d56089f4-scaled.jpg\",\"contentUrl\":\"https:\/\/chronopharma.fr\/wp-content\/uploads\/2021\/09\/a114484be2a70212a0c20c8d56089f4-scaled.jpg\",\"width\":2560,\"height\":1920},{\"@type\":\"WebPage\",\"@id\":\"https:\/\/chronopharma.fr\/?product=masques-multicouleur-pymed-mix-clair-type-iir#webpage\",\"url\":\"https:\/\/chronopharma.fr\/?product=masques-multicouleur-pymed-mix-clair-type-iir\",\"name\":\"Masques Multicouleur PYMED Arc-en-ciel Type IIR - Chronopharma\",\"isPartOf\":{\"@id\":\"https:\/\/chronopharma.fr\/#website\"},\"primaryImageOfPage\":{\"@id\":\"https:\/\/chronopharma.fr\/?product=masques-multicouleur-pymed-mix-clair-type-iir#primaryimage\"},\"datePublished\":\"2021-09-28T09:50:55+00:00\",\"dateModified\":\"2026-02-04T23:03:25+00:00\",\"description\":\"\\u00c9quipements m\\u00e9dicaux avec un excellent rapport qualit\\u00e9 prix. Livraison sous 24H ouvr\\u00e9es. Livraison gratuite pour toute commande sup\\u00e9rieure \\u00e0 130\\u20ac\",\"breadcrumb\":{\"@id\":\"https:\/\/chronopharma.fr\/?product=masques-multicouleur-pymed-mix-clair-type-iir#breadcrumb\"},\"inLanguage\":\"fr-FR\",\"potentialAction\":[{\"@type\":\"ReadAction\",\"target\":[\"https:\/\/chronopharma.fr\/?product=masques-multicouleur-pymed-mix-clair-type-iir\"]}]},{\"@type\":\"BreadcrumbList\",\"@id\":\"https:\/\/chronopharma.fr\/?product=masques-multicouleur-pymed-mix-clair-type-iir#breadcrumb\",\"itemListElement\":[{\"@type\":\"ListItem\",\"position\":1,\"name\":\"Accueil\",\"item\":\"https:\/\/chronopharma.fr\/\"},{\"@type\":\"ListItem\",\"position\":2,\"name\":\"Shop\",\"item\":\"https:\/\/chronopharma.fr\/?page_id=3853\"},{\"@type\":\"ListItem\",\"position\":3,\"name\":\"Masques Multicouleur PYMED Arc-en-ciel Type IIR\"}]}]}<\/script>\n<!-- \/ Yoast SEO plugin. -->","_links":{"self":[{"href":"https:\/\/chronopharma.fr\/index.php?rest_route=\/wp\/v2\/product\/6636"}],"collection":[{"href":"https:\/\/chronopharma.fr\/index.php?rest_route=\/wp\/v2\/product"}],"about":[{"href":"https:\/\/chronopharma.fr\/index.php?rest_route=\/wp\/v2\/types\/product"}],"replies":[{"embeddable":true,"href":"https:\/\/chronopharma.fr\/index.php?rest_route=%2Fwp%2Fv2%2Fcomments&post=6636"}],"wp:featuredmedia":[{"embeddable":true,"href":"https:\/\/chronopharma.fr\/index.php?rest_route=\/wp\/v2\/media\/7251"}],"wp:attachment":[{"href":"https:\/\/chronopharma.fr\/index.php?rest_route=%2Fwp%2Fv2%2Fmedia&parent=6636"}],"wp:term":[{"taxonomy":"product_cat","embeddable":true,"href":"https:\/\/chronopharma.fr\/index.php?rest_route=%2Fwp%2Fv2%2Fproduct_cat&post=6636"},{"taxonomy":"product_tag","embeddable":true,"href":"https:\/\/chronopharma.fr\/index.php?rest_route=%2Fwp%2Fv2%2Fproduct_tag&post=6636"}],"curies":[{"name":"wp","href":"https:\/\/api.w.org\/{rel}","templated":true}]}}