{"id":6190,"date":"2021-04-29T14:54:45","date_gmt":"2021-04-29T12:54:45","guid":{"rendered":"http:\/\/chronopharma.fr\/?post_type=product&#038;p=6190"},"modified":"2022-02-04T12:24:49","modified_gmt":"2022-02-04T11:24:49","slug":"autotest-antigenique-nasal-lyher-5-boite","status":"publish","type":"product","link":"https:\/\/chronopharma.fr\/?product=autotest-antigenique-nasal-lyher-5-boite","title":{"rendered":"Autotest antig\u00e9nique nasal &#8211; lyher (Boite de 5 test)"},"content":{"rendered":"<p>Le kit de test antig\u00e9nique (or collo\u00efdal) du nouveau coronavirus (covid-19) lyher\u00ae est un test immunologique in vitro. Le test est destin\u00e9 \u00e0 la d\u00e9tection directe et qualitative de l&rsquo;antig\u00e8ne (prot\u00e9ine n) du sras-cov-2 \u00e0 partir d&rsquo;\u00e9chantillons de pr\u00e9l\u00e8vements nasaux. Le kit est destin\u00e9 \u00e0 un usage en diagnostic in vitro r\u00e9alisable par soi-m\u00eame(autotest). L\u2019usage de ce produit en tant qu\u2019autotest est pr\u00e9conis\u00e9 pour les personnes \u00e2g\u00e9es de plus de 15 ans.<\/p>\n<p>&nbsp;<\/p>\n<h2><strong>\u00c0 quoi sert un autotest ?<\/strong><\/h2>\n<p>Il sert \u00e0\u00a0<strong>d\u00e9pister les personnes de plus de 15 ans qui n&rsquo;ont pas de sympt\u00f4mes<\/strong>\u00a0et qui\u00a0<strong>ne sont pas personne contact<\/strong>\u00a0(ou cas contact). Il permet de savoir si on est porteur ou non de la Covid-19 et c\u2019est pour cela qu\u2019il faut le faire r\u00e9guli\u00e8rement. Les autotests sont moins sensibles que les tests RT-PCR et antig\u00e9niques.<\/p>\n<p><strong>En r\u00e9p\u00e9tant l\u2019autotest 1 \u00e0 2 fois par semaine, on augmente les chances de le r\u00e9aliser au d\u00e9but de la maladie<\/strong>, c\u2019est-\u00e0-dire au moment o\u00f9 le virus est le plus pr\u00e9sent et le plus facilement d\u00e9tectable, et surtout au moment o\u00f9 on est le plus contagieux. On multiplie alors les chances, si l\u2019on est un porteur sans sympt\u00f4me du virus, de le savoir, de s\u2019isoler, de r\u00e9aliser un test RT-PCR de confirmation et de pr\u00e9venir ses contacts. C\u2019est un outil d\u2019aide pour pouvoir contribuer \u00e0 rompre le plus rapidement possible la cha\u00eene de contamination.<\/p>\n<h3><strong><em>Qui peut b\u00e9n\u00e9ficier des autotests gratuits ?<\/em><\/strong><\/h3>\n<p>Les autotests de d\u00e9pistage contre la Covid-19, disponibles en pharmacie, sont pris en charge par l\u2019Assurance Maladie pour les professionnels qui travaillent aupr\u00e8s des personnes \u00e2g\u00e9es et des personnes en situation de handicap. L\u2019objectif : s\u00e9curiser leur activit\u00e9 en contact rapproch\u00e9 avec des\u00a0<a href=\"https:\/\/solidarites-sante.gouv.fr\/grands-dossiers\/vaccin-covid-19\/article\/la-strategie-vaccinale-et-la-liste-des-publics-prioritaires\">personnes \u00e0 risque de d\u00e9velopper des formes graves de la Covid-19<\/a>. Sont concern\u00e9s par cette prise en charge :<\/p>\n<ul>\n<li>les services d\u2019aide \u00e0 domicile : service d&rsquo;aide et d&rsquo;accompagnement \u00e0 domicile (Saad) en service prestataire, intervenants mandataires, particuliers employeurs, salari\u00e9s des services de soins infirmiers \u00e0 domicile (Ssiad), salari\u00e9s de service pour personnes handicap\u00e9es ;<\/li>\n<li>les accueillants familiaux.<\/li>\n<\/ul>\n<p>Pour obtenir des autotests, dans la limite de\u00a0<strong>10 autotests par mois<\/strong>, sans avancer les frais, il faut\u00a0<strong>pr\u00e9senter<\/strong>\u00a0au pharmacien un\u00a0<strong>justificatif professionnel<\/strong>. Cela concerne 600 000 professionnels environ.<\/p>\n<p>&nbsp;<\/p>\n<p>Source :\u00a0<a href=\"https:\/\/www.ameli.fr\/assure\/actualites\/les-autotests-en-vente-en-pharmacie-mode-demploi\">https:\/\/www.ameli.fr\/assure\/actualites\/les-autotests-en-vente-en-pharmacie-mode-demploi<\/a><\/p>\n","protected":false},"excerpt":{"rendered":"<p>&#8211; Boite de 5 tests<\/p>\n<p><span style=\"color: #ff0000;\"><strong>&#8211; 1,96 \u20ac \/ test<\/strong><\/span><\/p>\n<p>Sensibilit\u00e9 95%<\/p>\n<p>&nbsp;<\/p>\n<div id=\"gtx-trans\" style=\"position: absolute; left: 7px; top: -10px;\">\n<div class=\"gtx-trans-icon\"><\/div>\n<\/div>\n","protected":false},"featured_media":6185,"comment_status":"open","ping_status":"closed","template":"","meta":{"_monsterinsights_skip_tracking":false,"_monsterinsights_sitenote_active":false,"_monsterinsights_sitenote_note":"","_monsterinsights_sitenote_category":0},"product_cat":[305,230,272],"product_tag":[298,277,276,281,274],"bundled_by":[],"bundle_stock_status":"instock","bundle_stock_quantity":null,"bundle_virtual":false,"bundle_layout":"","bundle_add_to_cart_form_location":"","bundle_editable_in_cart":false,"bundle_sold_individually_context":"","bundle_item_grouping":"","bundle_min_size":"","bundle_max_size":"","bundled_items":[],"bundle_sell_ids":[],"yoast_head":"<!-- This site is optimized with the Yoast SEO plugin v16.5 - https:\/\/yoast.com\/wordpress\/plugins\/seo\/ -->\n<title>Autotest antig\u00e9nique nasal - lyher (Boite de 5 test) - Chronopharma<\/title>\n<meta name=\"description\" content=\"\u00c9quipements m\u00e9dicaux avec un excellent rapport qualit\u00e9 prix. Livraison sous 24H ouvr\u00e9es. Livraison gratuite pour toute commande sup\u00e9rieure \u00e0 130\u20ac\" \/>\n<meta name=\"robots\" content=\"index, follow, max-snippet:-1, max-image-preview:large, max-video-preview:-1\" \/>\n<link rel=\"canonical\" href=\"https:\/\/chronopharma.fr\/?product=autotest-antigenique-nasal-lyher-5-boite\" \/>\n<meta property=\"og:locale\" content=\"fr_FR\" \/>\n<meta property=\"og:type\" content=\"article\" \/>\n<meta property=\"og:title\" content=\"Autotest antig\u00e9nique nasal - lyher (Boite de 5 test) - Chronopharma\" \/>\n<meta property=\"og:description\" content=\"\u00c9quipements m\u00e9dicaux avec un excellent rapport qualit\u00e9 prix. Livraison sous 24H ouvr\u00e9es. Livraison gratuite pour toute commande sup\u00e9rieure \u00e0 130\u20ac\" \/>\n<meta property=\"og:url\" content=\"https:\/\/chronopharma.fr\/?product=autotest-antigenique-nasal-lyher-5-boite\" \/>\n<meta property=\"og:site_name\" content=\"Chronopharma\" \/>\n<meta property=\"article:modified_time\" content=\"2022-02-04T11:24:49+00:00\" \/>\n<meta property=\"og:image\" content=\"https:\/\/chronopharma.fr\/wp-content\/uploads\/2021\/04\/194945fa50244e10aacb27c90387fb96.png\" \/>\n\t<meta property=\"og:image:width\" content=\"334\" \/>\n\t<meta property=\"og:image:height\" content=\"300\" \/>\n<meta name=\"twitter:card\" content=\"summary_large_image\" \/>\n<meta name=\"twitter:label1\" content=\"Dur\u00e9e de lecture est.\" \/>\n\t<meta name=\"twitter:data1\" content=\"2 minutes\" \/>\n<script type=\"application\/ld+json\" class=\"yoast-schema-graph\">{\"@context\":\"https:\/\/schema.org\",\"@graph\":[{\"@type\":\"Organization\",\"@id\":\"https:\/\/chronopharma.fr\/#organization\",\"name\":\"Chronopharma\",\"url\":\"https:\/\/chronopharma.fr\/\",\"sameAs\":[\"https:\/\/www.linkedin.com\/company\/pierre-yves-medical\/\"],\"logo\":{\"@type\":\"ImageObject\",\"@id\":\"https:\/\/chronopharma.fr\/#logo\",\"inLanguage\":\"fr-FR\",\"url\":\"http:\/\/chronopharma.fr\/wp-content\/uploads\/2021\/07\/cropped-Logo-2.png\",\"contentUrl\":\"http:\/\/chronopharma.fr\/wp-content\/uploads\/2021\/07\/cropped-Logo-2.png\",\"width\":512,\"height\":512,\"caption\":\"Chronopharma\"},\"image\":{\"@id\":\"https:\/\/chronopharma.fr\/#logo\"}},{\"@type\":\"WebSite\",\"@id\":\"https:\/\/chronopharma.fr\/#website\",\"url\":\"https:\/\/chronopharma.fr\/\",\"name\":\"Chronopharma\",\"description\":\"Mat\\u00e9riel m\\u00e9dical d\\u00e9di\\u00e9 \\u00e0 la protection contre les virus\",\"publisher\":{\"@id\":\"https:\/\/chronopharma.fr\/#organization\"},\"potentialAction\":[{\"@type\":\"SearchAction\",\"target\":\"https:\/\/chronopharma.fr\/?s={search_term_string}\",\"query-input\":\"required name=search_term_string\"}],\"inLanguage\":\"fr-FR\"},{\"@type\":\"ImageObject\",\"@id\":\"https:\/\/chronopharma.fr\/?product=autotest-antigenique-nasal-lyher-5-boite#primaryimage\",\"inLanguage\":\"fr-FR\",\"url\":\"https:\/\/chronopharma.fr\/wp-content\/uploads\/2021\/04\/194945fa50244e10aacb27c90387fb96.png\",\"contentUrl\":\"https:\/\/chronopharma.fr\/wp-content\/uploads\/2021\/04\/194945fa50244e10aacb27c90387fb96.png\",\"width\":334,\"height\":300},{\"@type\":\"WebPage\",\"@id\":\"https:\/\/chronopharma.fr\/?product=autotest-antigenique-nasal-lyher-5-boite#webpage\",\"url\":\"https:\/\/chronopharma.fr\/?product=autotest-antigenique-nasal-lyher-5-boite\",\"name\":\"Autotest antig\\u00e9nique nasal - lyher (Boite de 5 test) - Chronopharma\",\"isPartOf\":{\"@id\":\"https:\/\/chronopharma.fr\/#website\"},\"primaryImageOfPage\":{\"@id\":\"https:\/\/chronopharma.fr\/?product=autotest-antigenique-nasal-lyher-5-boite#primaryimage\"},\"datePublished\":\"2021-04-29T12:54:45+00:00\",\"dateModified\":\"2022-02-04T11:24:49+00:00\",\"description\":\"\\u00c9quipements m\\u00e9dicaux avec un excellent rapport qualit\\u00e9 prix. Livraison sous 24H ouvr\\u00e9es. Livraison gratuite pour toute commande sup\\u00e9rieure \\u00e0 130\\u20ac\",\"breadcrumb\":{\"@id\":\"https:\/\/chronopharma.fr\/?product=autotest-antigenique-nasal-lyher-5-boite#breadcrumb\"},\"inLanguage\":\"fr-FR\",\"potentialAction\":[{\"@type\":\"ReadAction\",\"target\":[\"https:\/\/chronopharma.fr\/?product=autotest-antigenique-nasal-lyher-5-boite\"]}]},{\"@type\":\"BreadcrumbList\",\"@id\":\"https:\/\/chronopharma.fr\/?product=autotest-antigenique-nasal-lyher-5-boite#breadcrumb\",\"itemListElement\":[{\"@type\":\"ListItem\",\"position\":1,\"name\":\"Accueil\",\"item\":\"https:\/\/chronopharma.fr\/\"},{\"@type\":\"ListItem\",\"position\":2,\"name\":\"Shop\",\"item\":\"https:\/\/chronopharma.fr\/?page_id=3853\"},{\"@type\":\"ListItem\",\"position\":3,\"name\":\"Autotest antig\\u00e9nique nasal &#8211; lyher (Boite de 5 test)\"}]}]}<\/script>\n<!-- \/ Yoast SEO plugin. -->","_links":{"self":[{"href":"https:\/\/chronopharma.fr\/index.php?rest_route=\/wp\/v2\/product\/6190"}],"collection":[{"href":"https:\/\/chronopharma.fr\/index.php?rest_route=\/wp\/v2\/product"}],"about":[{"href":"https:\/\/chronopharma.fr\/index.php?rest_route=\/wp\/v2\/types\/product"}],"replies":[{"embeddable":true,"href":"https:\/\/chronopharma.fr\/index.php?rest_route=%2Fwp%2Fv2%2Fcomments&post=6190"}],"wp:featuredmedia":[{"embeddable":true,"href":"https:\/\/chronopharma.fr\/index.php?rest_route=\/wp\/v2\/media\/6185"}],"wp:attachment":[{"href":"https:\/\/chronopharma.fr\/index.php?rest_route=%2Fwp%2Fv2%2Fmedia&parent=6190"}],"wp:term":[{"taxonomy":"product_cat","embeddable":true,"href":"https:\/\/chronopharma.fr\/index.php?rest_route=%2Fwp%2Fv2%2Fproduct_cat&post=6190"},{"taxonomy":"product_tag","embeddable":true,"href":"https:\/\/chronopharma.fr\/index.php?rest_route=%2Fwp%2Fv2%2Fproduct_tag&post=6190"}],"curies":[{"name":"wp","href":"https:\/\/api.w.org\/{rel}","templated":true}]}}