{"id":5449,"date":"2020-12-02T23:06:52","date_gmt":"2020-12-02T22:06:52","guid":{"rendered":"http:\/\/chronopharma.fr\/?post_type=product&#038;p=5449"},"modified":"2025-10-08T15:41:07","modified_gmt":"2025-10-08T13:41:07","slug":"distributeur-sans-contact-de-gel-hydroalcoolique-support-metal","status":"publish","type":"product","link":"https:\/\/chronopharma.fr\/?product=distributeur-sans-contact-de-gel-hydroalcoolique-support-metal","title":{"rendered":"Distributeur sans contact de Gel Hydroalcoolique support m\u00e9tal"},"content":{"rendered":"<h1><span style=\"font-size: 14pt;\">Distributeur sans contact infrarouge de gel hydroalcoolique.<\/span><\/h1>\n<ul>\n<li>\n<h2><span style=\"font-size: 12pt;\">Ce distributeur sans contact de gel hydroalcoolique est d\u2019une capacit\u00e9 de 650ml.\u00a0ll permet de doser 0,8ml de gel par utilisation. Il est donc d\u2019une autonomie de 850 utilisations.<\/span><\/h2>\n<\/li>\n<li>\n<h2><span style=\"font-size: 12pt;\">Conception \u00e9conome en \u00e9nergie, fonctionnement normal de l\u2019appareil de 30 000 \u00e0 50 000 fois avec seulement 6 piles AA.<\/span><\/h2>\n<\/li>\n<li>\n<h2><span style=\"font-size: 12pt;\">Mont\u00e9 sur pied en acier inoxydable et maintenu par son socle lourd, il assurera \u00e0 vos clients et employ\u00e9s la s\u00e9curit\u00e9 hygi\u00e9nique n\u00e9cessaire \u00e0 une reprise d\u2019activit\u00e9 normale tant \u00e0 l\u2019int\u00e9rieur qu\u2019\u00e0 l\u2019ext\u00e9rieur.<\/span><\/h2>\n<\/li>\n<\/ul>\n","protected":false},"excerpt":{"rendered":"<h2><span style=\"font-size: 12pt;\">Produit garanti 1 an.<\/span><br \/>\n<span style=\"font-size: 12pt;\">Tarif hors taxe, incluant les frais de port.<\/span><br \/>\n<span style=\"font-size: 12pt;\">Attention, produit vendu sans gel hydroalcoolique.<\/span><br \/>\n<span style=\"font-size: 12pt;\">Pile non fournies<\/span><\/h2>\n","protected":false},"featured_media":5441,"comment_status":"open","ping_status":"closed","template":"","meta":{"_monsterinsights_skip_tracking":false,"_monsterinsights_sitenote_active":false,"_monsterinsights_sitenote_note":"","_monsterinsights_sitenote_category":0},"product_cat":[305,229,241],"product_tag":[],"bundled_by":[],"bundle_stock_status":"instock","bundle_stock_quantity":99999,"bundle_virtual":false,"bundle_layout":"","bundle_add_to_cart_form_location":"","bundle_editable_in_cart":false,"bundle_sold_individually_context":"","bundle_item_grouping":"","bundle_min_size":"","bundle_max_size":"","bundled_items":[],"bundle_sell_ids":[],"yoast_head":"<!-- This site is optimized with the Yoast SEO plugin v16.5 - https:\/\/yoast.com\/wordpress\/plugins\/seo\/ -->\n<title>Distributeur sans contact de Gel Hydroalcoolique support m\u00e9tal - Chronopharma<\/title>\n<meta name=\"description\" content=\"\u00c9quipements m\u00e9dicaux avec un excellent rapport qualit\u00e9 prix. Livraison sous 24H ouvr\u00e9es. Livraison gratuite pour toute commande sup\u00e9rieure \u00e0 130\u20ac\" \/>\n<meta name=\"robots\" content=\"index, follow, max-snippet:-1, max-image-preview:large, max-video-preview:-1\" \/>\n<link rel=\"canonical\" href=\"https:\/\/chronopharma.fr\/?product=distributeur-sans-contact-de-gel-hydroalcoolique-support-metal\" \/>\n<meta property=\"og:locale\" content=\"fr_FR\" \/>\n<meta property=\"og:type\" content=\"article\" \/>\n<meta property=\"og:title\" content=\"Distributeur sans contact de Gel Hydroalcoolique support m\u00e9tal - Chronopharma\" \/>\n<meta property=\"og:description\" content=\"\u00c9quipements m\u00e9dicaux avec un excellent rapport qualit\u00e9 prix. Livraison sous 24H ouvr\u00e9es. Livraison gratuite pour toute commande sup\u00e9rieure \u00e0 130\u20ac\" \/>\n<meta property=\"og:url\" content=\"https:\/\/chronopharma.fr\/?product=distributeur-sans-contact-de-gel-hydroalcoolique-support-metal\" \/>\n<meta property=\"og:site_name\" content=\"Chronopharma\" \/>\n<meta property=\"article:modified_time\" content=\"2025-10-08T13:41:07+00:00\" \/>\n<meta property=\"og:image\" content=\"https:\/\/chronopharma.fr\/wp-content\/uploads\/2020\/12\/Modele-avec-support-metallique.jpg\" \/>\n\t<meta property=\"og:image:width\" content=\"600\" \/>\n\t<meta property=\"og:image:height\" content=\"600\" \/>\n<meta name=\"twitter:card\" content=\"summary_large_image\" \/>\n<meta name=\"twitter:label1\" content=\"Dur\u00e9e de lecture est.\" \/>\n\t<meta name=\"twitter:data1\" content=\"1 minute\" \/>\n<script type=\"application\/ld+json\" class=\"yoast-schema-graph\">{\"@context\":\"https:\/\/schema.org\",\"@graph\":[{\"@type\":\"Organization\",\"@id\":\"https:\/\/chronopharma.fr\/#organization\",\"name\":\"Chronopharma\",\"url\":\"https:\/\/chronopharma.fr\/\",\"sameAs\":[\"https:\/\/www.linkedin.com\/company\/pierre-yves-medical\/\"],\"logo\":{\"@type\":\"ImageObject\",\"@id\":\"https:\/\/chronopharma.fr\/#logo\",\"inLanguage\":\"fr-FR\",\"url\":\"http:\/\/chronopharma.fr\/wp-content\/uploads\/2021\/07\/cropped-Logo-2.png\",\"contentUrl\":\"http:\/\/chronopharma.fr\/wp-content\/uploads\/2021\/07\/cropped-Logo-2.png\",\"width\":512,\"height\":512,\"caption\":\"Chronopharma\"},\"image\":{\"@id\":\"https:\/\/chronopharma.fr\/#logo\"}},{\"@type\":\"WebSite\",\"@id\":\"https:\/\/chronopharma.fr\/#website\",\"url\":\"https:\/\/chronopharma.fr\/\",\"name\":\"Chronopharma\",\"description\":\"Mat\\u00e9riel m\\u00e9dical d\\u00e9di\\u00e9 \\u00e0 la protection contre les virus\",\"publisher\":{\"@id\":\"https:\/\/chronopharma.fr\/#organization\"},\"potentialAction\":[{\"@type\":\"SearchAction\",\"target\":\"https:\/\/chronopharma.fr\/?s={search_term_string}\",\"query-input\":\"required name=search_term_string\"}],\"inLanguage\":\"fr-FR\"},{\"@type\":\"ImageObject\",\"@id\":\"https:\/\/chronopharma.fr\/?product=distributeur-sans-contact-de-gel-hydroalcoolique-support-metal#primaryimage\",\"inLanguage\":\"fr-FR\",\"url\":\"https:\/\/chronopharma.fr\/wp-content\/uploads\/2020\/12\/Modele-avec-support-metallique.jpg\",\"contentUrl\":\"https:\/\/chronopharma.fr\/wp-content\/uploads\/2020\/12\/Modele-avec-support-metallique.jpg\",\"width\":600,\"height\":600},{\"@type\":\"WebPage\",\"@id\":\"https:\/\/chronopharma.fr\/?product=distributeur-sans-contact-de-gel-hydroalcoolique-support-metal#webpage\",\"url\":\"https:\/\/chronopharma.fr\/?product=distributeur-sans-contact-de-gel-hydroalcoolique-support-metal\",\"name\":\"Distributeur sans contact de Gel Hydroalcoolique support m\\u00e9tal - Chronopharma\",\"isPartOf\":{\"@id\":\"https:\/\/chronopharma.fr\/#website\"},\"primaryImageOfPage\":{\"@id\":\"https:\/\/chronopharma.fr\/?product=distributeur-sans-contact-de-gel-hydroalcoolique-support-metal#primaryimage\"},\"datePublished\":\"2020-12-02T22:06:52+00:00\",\"dateModified\":\"2025-10-08T13:41:07+00:00\",\"description\":\"\\u00c9quipements m\\u00e9dicaux avec un excellent rapport qualit\\u00e9 prix. Livraison sous 24H ouvr\\u00e9es. Livraison gratuite pour toute commande sup\\u00e9rieure \\u00e0 130\\u20ac\",\"breadcrumb\":{\"@id\":\"https:\/\/chronopharma.fr\/?product=distributeur-sans-contact-de-gel-hydroalcoolique-support-metal#breadcrumb\"},\"inLanguage\":\"fr-FR\",\"potentialAction\":[{\"@type\":\"ReadAction\",\"target\":[\"https:\/\/chronopharma.fr\/?product=distributeur-sans-contact-de-gel-hydroalcoolique-support-metal\"]}]},{\"@type\":\"BreadcrumbList\",\"@id\":\"https:\/\/chronopharma.fr\/?product=distributeur-sans-contact-de-gel-hydroalcoolique-support-metal#breadcrumb\",\"itemListElement\":[{\"@type\":\"ListItem\",\"position\":1,\"name\":\"Accueil\",\"item\":\"https:\/\/chronopharma.fr\/\"},{\"@type\":\"ListItem\",\"position\":2,\"name\":\"Shop\",\"item\":\"https:\/\/chronopharma.fr\/?page_id=3853\"},{\"@type\":\"ListItem\",\"position\":3,\"name\":\"Distributeur sans contact de Gel Hydroalcoolique support m\\u00e9tal\"}]}]}<\/script>\n<!-- \/ Yoast SEO plugin. -->","_links":{"self":[{"href":"https:\/\/chronopharma.fr\/index.php?rest_route=\/wp\/v2\/product\/5449"}],"collection":[{"href":"https:\/\/chronopharma.fr\/index.php?rest_route=\/wp\/v2\/product"}],"about":[{"href":"https:\/\/chronopharma.fr\/index.php?rest_route=\/wp\/v2\/types\/product"}],"replies":[{"embeddable":true,"href":"https:\/\/chronopharma.fr\/index.php?rest_route=%2Fwp%2Fv2%2Fcomments&post=5449"}],"wp:featuredmedia":[{"embeddable":true,"href":"https:\/\/chronopharma.fr\/index.php?rest_route=\/wp\/v2\/media\/5441"}],"wp:attachment":[{"href":"https:\/\/chronopharma.fr\/index.php?rest_route=%2Fwp%2Fv2%2Fmedia&parent=5449"}],"wp:term":[{"taxonomy":"product_cat","embeddable":true,"href":"https:\/\/chronopharma.fr\/index.php?rest_route=%2Fwp%2Fv2%2Fproduct_cat&post=5449"},{"taxonomy":"product_tag","embeddable":true,"href":"https:\/\/chronopharma.fr\/index.php?rest_route=%2Fwp%2Fv2%2Fproduct_tag&post=5449"}],"curies":[{"name":"wp","href":"https:\/\/api.w.org\/{rel}","templated":true}]}}