{"id":5440,"date":"2020-12-02T23:00:40","date_gmt":"2020-12-02T22:00:40","guid":{"rendered":"http:\/\/chronopharma.fr\/?post_type=product&#038;p=5440"},"modified":"2026-05-05T15:57:42","modified_gmt":"2026-05-05T13:57:42","slug":"distributeur-sans-contact-de-gel-hydroalcoolique-mural","status":"publish","type":"product","link":"https:\/\/chronopharma.fr\/?product=distributeur-sans-contact-de-gel-hydroalcoolique-mural","title":{"rendered":"Distributeur sans contact de Gel Hydroalcoolique mural"},"content":{"rendered":"<p>Distributeur\u00a0sans contact infra-rouge de gel hydroalcoolique.<\/p>\n<p>Produit garanti 1 an.<br \/>\nTarif hors taxe, incluant les frais de port.<br \/>\nAttention, produit vendu sans gel hydroalcoolique.<br \/>\nPile non fournies.<\/p>\n<ul>\n<li>Ce distributeur sans contact de gel hydroalcoolique est d\u2019une capacit\u00e9 de 650ml.\u00a0ll permet de doser 0,8ml de gel par utilisation. Il est donc d\u2019une autonomie de 850 utilisations.<\/li>\n<li>Conception \u00e9conome en \u00e9nergie, fonctionnement normal de l\u2019appareil de 30 000 \u00e0 50 000 fois avec selment 6 piles AA.<\/li>\n<li>Ce produit permettra \u00e0 vos clients ou collaborateurs de se d\u00e9sinfecter les mains en toutes simplicit\u00e9. \u00a0Il est Id\u00e9al pour les bureaux mais \u00e9galement les grands magasins ou encore \u00e0 l\u2019entr\u00e9e de petits<\/li>\n<\/ul>\n","protected":false},"excerpt":{"rendered":"<p>Distributeur\u00a0sans contact infra-rouge de gel hydroalcoolique. Produit garanti 1 an. Tarif hors taxe, incluant les frais de port. Attention, produit vendu sans gel hydroalcoolique. Pile non fournies. Ce distributeur sans<\/p>\n","protected":false},"featured_media":5446,"comment_status":"open","ping_status":"closed","template":"","meta":{"_monsterinsights_skip_tracking":false,"_monsterinsights_sitenote_active":false,"_monsterinsights_sitenote_note":"","_monsterinsights_sitenote_category":0},"product_cat":[305,229,241],"product_tag":[],"bundled_by":[],"bundle_stock_status":"instock","bundle_stock_quantity":99999,"bundle_virtual":false,"bundle_layout":"","bundle_add_to_cart_form_location":"","bundle_editable_in_cart":false,"bundle_sold_individually_context":"","bundle_item_grouping":"","bundle_min_size":"","bundle_max_size":"","bundled_items":[],"bundle_sell_ids":[],"yoast_head":"<!-- This site is optimized with the Yoast SEO plugin v16.5 - https:\/\/yoast.com\/wordpress\/plugins\/seo\/ -->\n<title>Distributeur sans contact de Gel Hydroalcoolique mural - Chronopharma<\/title>\n<meta name=\"description\" content=\"\u00c9quipements m\u00e9dicaux avec un excellent rapport qualit\u00e9 prix. Livraison sous 24H ouvr\u00e9es. Livraison gratuite pour toute commande sup\u00e9rieure \u00e0 130\u20ac\" \/>\n<meta name=\"robots\" content=\"index, follow, max-snippet:-1, max-image-preview:large, max-video-preview:-1\" \/>\n<link rel=\"canonical\" href=\"https:\/\/chronopharma.fr\/?product=distributeur-sans-contact-de-gel-hydroalcoolique-mural\" \/>\n<meta property=\"og:locale\" content=\"fr_FR\" \/>\n<meta property=\"og:type\" content=\"article\" \/>\n<meta property=\"og:title\" content=\"Distributeur sans contact de Gel Hydroalcoolique mural - Chronopharma\" \/>\n<meta property=\"og:description\" content=\"\u00c9quipements m\u00e9dicaux avec un excellent rapport qualit\u00e9 prix. Livraison sous 24H ouvr\u00e9es. Livraison gratuite pour toute commande sup\u00e9rieure \u00e0 130\u20ac\" \/>\n<meta property=\"og:url\" content=\"https:\/\/chronopharma.fr\/?product=distributeur-sans-contact-de-gel-hydroalcoolique-mural\" \/>\n<meta property=\"og:site_name\" content=\"Chronopharma\" \/>\n<meta property=\"article:modified_time\" content=\"2026-05-05T13:57:42+00:00\" \/>\n<meta property=\"og:image\" content=\"https:\/\/chronopharma.fr\/wp-content\/uploads\/2020\/12\/mini-modele.jpg\" \/>\n\t<meta property=\"og:image:width\" content=\"1500\" \/>\n\t<meta property=\"og:image:height\" content=\"1500\" \/>\n<meta name=\"twitter:card\" content=\"summary_large_image\" \/>\n<meta name=\"twitter:label1\" content=\"Dur\u00e9e de lecture est.\" \/>\n\t<meta name=\"twitter:data1\" content=\"1 minute\" \/>\n<script type=\"application\/ld+json\" class=\"yoast-schema-graph\">{\"@context\":\"https:\/\/schema.org\",\"@graph\":[{\"@type\":\"Organization\",\"@id\":\"https:\/\/chronopharma.fr\/#organization\",\"name\":\"Chronopharma\",\"url\":\"https:\/\/chronopharma.fr\/\",\"sameAs\":[\"https:\/\/www.linkedin.com\/company\/pierre-yves-medical\/\"],\"logo\":{\"@type\":\"ImageObject\",\"@id\":\"https:\/\/chronopharma.fr\/#logo\",\"inLanguage\":\"fr-FR\",\"url\":\"http:\/\/chronopharma.fr\/wp-content\/uploads\/2021\/07\/cropped-Logo-2.png\",\"contentUrl\":\"http:\/\/chronopharma.fr\/wp-content\/uploads\/2021\/07\/cropped-Logo-2.png\",\"width\":512,\"height\":512,\"caption\":\"Chronopharma\"},\"image\":{\"@id\":\"https:\/\/chronopharma.fr\/#logo\"}},{\"@type\":\"WebSite\",\"@id\":\"https:\/\/chronopharma.fr\/#website\",\"url\":\"https:\/\/chronopharma.fr\/\",\"name\":\"Chronopharma\",\"description\":\"Mat\\u00e9riel m\\u00e9dical d\\u00e9di\\u00e9 \\u00e0 la protection contre les virus\",\"publisher\":{\"@id\":\"https:\/\/chronopharma.fr\/#organization\"},\"potentialAction\":[{\"@type\":\"SearchAction\",\"target\":\"https:\/\/chronopharma.fr\/?s={search_term_string}\",\"query-input\":\"required name=search_term_string\"}],\"inLanguage\":\"fr-FR\"},{\"@type\":\"ImageObject\",\"@id\":\"https:\/\/chronopharma.fr\/?product=distributeur-sans-contact-de-gel-hydroalcoolique-mural#primaryimage\",\"inLanguage\":\"fr-FR\",\"url\":\"https:\/\/chronopharma.fr\/wp-content\/uploads\/2020\/12\/mini-modele.jpg\",\"contentUrl\":\"https:\/\/chronopharma.fr\/wp-content\/uploads\/2020\/12\/mini-modele.jpg\",\"width\":1500,\"height\":1500},{\"@type\":\"WebPage\",\"@id\":\"https:\/\/chronopharma.fr\/?product=distributeur-sans-contact-de-gel-hydroalcoolique-mural#webpage\",\"url\":\"https:\/\/chronopharma.fr\/?product=distributeur-sans-contact-de-gel-hydroalcoolique-mural\",\"name\":\"Distributeur sans contact de Gel Hydroalcoolique mural - Chronopharma\",\"isPartOf\":{\"@id\":\"https:\/\/chronopharma.fr\/#website\"},\"primaryImageOfPage\":{\"@id\":\"https:\/\/chronopharma.fr\/?product=distributeur-sans-contact-de-gel-hydroalcoolique-mural#primaryimage\"},\"datePublished\":\"2020-12-02T22:00:40+00:00\",\"dateModified\":\"2026-05-05T13:57:42+00:00\",\"description\":\"\\u00c9quipements m\\u00e9dicaux avec un excellent rapport qualit\\u00e9 prix. Livraison sous 24H ouvr\\u00e9es. Livraison gratuite pour toute commande sup\\u00e9rieure \\u00e0 130\\u20ac\",\"breadcrumb\":{\"@id\":\"https:\/\/chronopharma.fr\/?product=distributeur-sans-contact-de-gel-hydroalcoolique-mural#breadcrumb\"},\"inLanguage\":\"fr-FR\",\"potentialAction\":[{\"@type\":\"ReadAction\",\"target\":[\"https:\/\/chronopharma.fr\/?product=distributeur-sans-contact-de-gel-hydroalcoolique-mural\"]}]},{\"@type\":\"BreadcrumbList\",\"@id\":\"https:\/\/chronopharma.fr\/?product=distributeur-sans-contact-de-gel-hydroalcoolique-mural#breadcrumb\",\"itemListElement\":[{\"@type\":\"ListItem\",\"position\":1,\"name\":\"Accueil\",\"item\":\"https:\/\/chronopharma.fr\/\"},{\"@type\":\"ListItem\",\"position\":2,\"name\":\"Shop\",\"item\":\"https:\/\/chronopharma.fr\/?page_id=3853\"},{\"@type\":\"ListItem\",\"position\":3,\"name\":\"Distributeur sans contact de Gel Hydroalcoolique mural\"}]}]}<\/script>\n<!-- \/ Yoast SEO plugin. -->","_links":{"self":[{"href":"https:\/\/chronopharma.fr\/index.php?rest_route=\/wp\/v2\/product\/5440"}],"collection":[{"href":"https:\/\/chronopharma.fr\/index.php?rest_route=\/wp\/v2\/product"}],"about":[{"href":"https:\/\/chronopharma.fr\/index.php?rest_route=\/wp\/v2\/types\/product"}],"replies":[{"embeddable":true,"href":"https:\/\/chronopharma.fr\/index.php?rest_route=%2Fwp%2Fv2%2Fcomments&post=5440"}],"wp:featuredmedia":[{"embeddable":true,"href":"https:\/\/chronopharma.fr\/index.php?rest_route=\/wp\/v2\/media\/5446"}],"wp:attachment":[{"href":"https:\/\/chronopharma.fr\/index.php?rest_route=%2Fwp%2Fv2%2Fmedia&parent=5440"}],"wp:term":[{"taxonomy":"product_cat","embeddable":true,"href":"https:\/\/chronopharma.fr\/index.php?rest_route=%2Fwp%2Fv2%2Fproduct_cat&post=5440"},{"taxonomy":"product_tag","embeddable":true,"href":"https:\/\/chronopharma.fr\/index.php?rest_route=%2Fwp%2Fv2%2Fproduct_tag&post=5440"}],"curies":[{"name":"wp","href":"https:\/\/api.w.org\/{rel}","templated":true}]}}