{"id":5433,"date":"2020-12-02T22:45:20","date_gmt":"2020-12-02T21:45:20","guid":{"rendered":"http:\/\/chronopharma.fr\/?post_type=product&#038;p=5433"},"modified":"2026-04-13T12:43:58","modified_gmt":"2026-04-13T10:43:58","slug":"tensiometre-a-bras-electronique","status":"publish","type":"product","link":"https:\/\/chronopharma.fr\/?product=tensiometre-a-bras-electronique","title":{"rendered":"Tensiom\u00e8tre \u00e0 Bras Electronique"},"content":{"rendered":"<p><img loading=\"lazy\" class=\"alignnone wp-image-5678 \" src=\"http:\/\/chronopharma.fr\/wp-content\/uploads\/2020\/12\/Sans-titre-1-1024x282.jpg\" alt=\"\" width=\"690\" height=\"190\" srcset=\"https:\/\/chronopharma.fr\/wp-content\/uploads\/2020\/12\/Sans-titre-1-1024x282.jpg 1024w, https:\/\/chronopharma.fr\/wp-content\/uploads\/2020\/12\/Sans-titre-1-300x83.jpg 300w, https:\/\/chronopharma.fr\/wp-content\/uploads\/2020\/12\/Sans-titre-1-768x211.jpg 768w, https:\/\/chronopharma.fr\/wp-content\/uploads\/2020\/12\/Sans-titre-1-1536x423.jpg 1536w, https:\/\/chronopharma.fr\/wp-content\/uploads\/2020\/12\/Sans-titre-1-2048x564.jpg 2048w, https:\/\/chronopharma.fr\/wp-content\/uploads\/2020\/12\/Sans-titre-1-600x165.jpg 600w\" sizes=\"(max-width: 690px) 100vw, 690px\" \/><\/p>\n","protected":false},"excerpt":{"rendered":"<table width=\"476\">\n<tbody>\n<tr>\n<td width=\"476\"><strong>20pcs \/ Carton<\/strong><\/td>\n<\/tr>\n<\/tbody>\n<\/table>\n<p>&nbsp;<\/p>\n","protected":false},"featured_media":5430,"comment_status":"open","ping_status":"closed","template":"","meta":{"_monsterinsights_skip_tracking":false,"_monsterinsights_sitenote_active":false,"_monsterinsights_sitenote_note":"","_monsterinsights_sitenote_category":0},"product_cat":[305,228,243],"product_tag":[],"bundled_by":[],"bundle_stock_status":"instock","bundle_stock_quantity":99973,"bundle_virtual":false,"bundle_layout":"","bundle_add_to_cart_form_location":"","bundle_editable_in_cart":false,"bundle_sold_individually_context":"","bundle_item_grouping":"","bundle_min_size":"","bundle_max_size":"","bundled_items":[],"bundle_sell_ids":[],"yoast_head":"<!-- This site is optimized with the Yoast SEO plugin v16.5 - https:\/\/yoast.com\/wordpress\/plugins\/seo\/ -->\n<title>Tensiom\u00e8tre \u00e0 Bras Electronique - Chronopharma<\/title>\n<meta name=\"description\" content=\"\u00c9quipements m\u00e9dicaux avec un excellent rapport qualit\u00e9 prix. Livraison sous 24H ouvr\u00e9es. Livraison gratuite pour toute commande sup\u00e9rieure \u00e0 130\u20ac\" \/>\n<meta name=\"robots\" content=\"index, follow, max-snippet:-1, max-image-preview:large, max-video-preview:-1\" \/>\n<link rel=\"canonical\" href=\"https:\/\/chronopharma.fr\/?product=tensiometre-a-bras-electronique\" \/>\n<meta property=\"og:locale\" content=\"fr_FR\" \/>\n<meta property=\"og:type\" content=\"article\" \/>\n<meta property=\"og:title\" content=\"Tensiom\u00e8tre \u00e0 Bras Electronique - Chronopharma\" \/>\n<meta property=\"og:description\" content=\"\u00c9quipements m\u00e9dicaux avec un excellent rapport qualit\u00e9 prix. Livraison sous 24H ouvr\u00e9es. Livraison gratuite pour toute commande sup\u00e9rieure \u00e0 130\u20ac\" \/>\n<meta property=\"og:url\" content=\"https:\/\/chronopharma.fr\/?product=tensiometre-a-bras-electronique\" \/>\n<meta property=\"og:site_name\" content=\"Chronopharma\" \/>\n<meta property=\"article:modified_time\" content=\"2026-04-13T10:43:58+00:00\" \/>\n<meta property=\"og:image\" content=\"https:\/\/chronopharma.fr\/wp-content\/uploads\/2020\/12\/Blood.jpg\" \/>\n\t<meta property=\"og:image:width\" content=\"600\" \/>\n\t<meta property=\"og:image:height\" content=\"600\" \/>\n<meta name=\"twitter:card\" content=\"summary_large_image\" \/>\n<script type=\"application\/ld+json\" class=\"yoast-schema-graph\">{\"@context\":\"https:\/\/schema.org\",\"@graph\":[{\"@type\":\"Organization\",\"@id\":\"https:\/\/chronopharma.fr\/#organization\",\"name\":\"Chronopharma\",\"url\":\"https:\/\/chronopharma.fr\/\",\"sameAs\":[\"https:\/\/www.linkedin.com\/company\/pierre-yves-medical\/\"],\"logo\":{\"@type\":\"ImageObject\",\"@id\":\"https:\/\/chronopharma.fr\/#logo\",\"inLanguage\":\"fr-FR\",\"url\":\"http:\/\/chronopharma.fr\/wp-content\/uploads\/2021\/07\/cropped-Logo-2.png\",\"contentUrl\":\"http:\/\/chronopharma.fr\/wp-content\/uploads\/2021\/07\/cropped-Logo-2.png\",\"width\":512,\"height\":512,\"caption\":\"Chronopharma\"},\"image\":{\"@id\":\"https:\/\/chronopharma.fr\/#logo\"}},{\"@type\":\"WebSite\",\"@id\":\"https:\/\/chronopharma.fr\/#website\",\"url\":\"https:\/\/chronopharma.fr\/\",\"name\":\"Chronopharma\",\"description\":\"Mat\\u00e9riel m\\u00e9dical d\\u00e9di\\u00e9 \\u00e0 la protection contre les virus\",\"publisher\":{\"@id\":\"https:\/\/chronopharma.fr\/#organization\"},\"potentialAction\":[{\"@type\":\"SearchAction\",\"target\":\"https:\/\/chronopharma.fr\/?s={search_term_string}\",\"query-input\":\"required name=search_term_string\"}],\"inLanguage\":\"fr-FR\"},{\"@type\":\"ImageObject\",\"@id\":\"https:\/\/chronopharma.fr\/?product=tensiometre-a-bras-electronique#primaryimage\",\"inLanguage\":\"fr-FR\",\"url\":\"https:\/\/chronopharma.fr\/wp-content\/uploads\/2020\/12\/Blood.jpg\",\"contentUrl\":\"https:\/\/chronopharma.fr\/wp-content\/uploads\/2020\/12\/Blood.jpg\",\"width\":600,\"height\":600},{\"@type\":\"WebPage\",\"@id\":\"https:\/\/chronopharma.fr\/?product=tensiometre-a-bras-electronique#webpage\",\"url\":\"https:\/\/chronopharma.fr\/?product=tensiometre-a-bras-electronique\",\"name\":\"Tensiom\\u00e8tre \\u00e0 Bras Electronique - Chronopharma\",\"isPartOf\":{\"@id\":\"https:\/\/chronopharma.fr\/#website\"},\"primaryImageOfPage\":{\"@id\":\"https:\/\/chronopharma.fr\/?product=tensiometre-a-bras-electronique#primaryimage\"},\"datePublished\":\"2020-12-02T21:45:20+00:00\",\"dateModified\":\"2026-04-13T10:43:58+00:00\",\"description\":\"\\u00c9quipements m\\u00e9dicaux avec un excellent rapport qualit\\u00e9 prix. Livraison sous 24H ouvr\\u00e9es. Livraison gratuite pour toute commande sup\\u00e9rieure \\u00e0 130\\u20ac\",\"breadcrumb\":{\"@id\":\"https:\/\/chronopharma.fr\/?product=tensiometre-a-bras-electronique#breadcrumb\"},\"inLanguage\":\"fr-FR\",\"potentialAction\":[{\"@type\":\"ReadAction\",\"target\":[\"https:\/\/chronopharma.fr\/?product=tensiometre-a-bras-electronique\"]}]},{\"@type\":\"BreadcrumbList\",\"@id\":\"https:\/\/chronopharma.fr\/?product=tensiometre-a-bras-electronique#breadcrumb\",\"itemListElement\":[{\"@type\":\"ListItem\",\"position\":1,\"name\":\"Accueil\",\"item\":\"https:\/\/chronopharma.fr\/\"},{\"@type\":\"ListItem\",\"position\":2,\"name\":\"Shop\",\"item\":\"https:\/\/chronopharma.fr\/?page_id=3853\"},{\"@type\":\"ListItem\",\"position\":3,\"name\":\"Tensiom\\u00e8tre \\u00e0 Bras Electronique\"}]}]}<\/script>\n<!-- \/ Yoast SEO plugin. -->","_links":{"self":[{"href":"https:\/\/chronopharma.fr\/index.php?rest_route=\/wp\/v2\/product\/5433"}],"collection":[{"href":"https:\/\/chronopharma.fr\/index.php?rest_route=\/wp\/v2\/product"}],"about":[{"href":"https:\/\/chronopharma.fr\/index.php?rest_route=\/wp\/v2\/types\/product"}],"replies":[{"embeddable":true,"href":"https:\/\/chronopharma.fr\/index.php?rest_route=%2Fwp%2Fv2%2Fcomments&post=5433"}],"wp:featuredmedia":[{"embeddable":true,"href":"https:\/\/chronopharma.fr\/index.php?rest_route=\/wp\/v2\/media\/5430"}],"wp:attachment":[{"href":"https:\/\/chronopharma.fr\/index.php?rest_route=%2Fwp%2Fv2%2Fmedia&parent=5433"}],"wp:term":[{"taxonomy":"product_cat","embeddable":true,"href":"https:\/\/chronopharma.fr\/index.php?rest_route=%2Fwp%2Fv2%2Fproduct_cat&post=5433"},{"taxonomy":"product_tag","embeddable":true,"href":"https:\/\/chronopharma.fr\/index.php?rest_route=%2Fwp%2Fv2%2Fproduct_tag&post=5433"}],"curies":[{"name":"wp","href":"https:\/\/api.w.org\/{rel}","templated":true}]}}