{"id":5428,"date":"2020-12-02T22:33:47","date_gmt":"2020-12-02T21:33:47","guid":{"rendered":"http:\/\/chronopharma.fr\/?post_type=product&#038;p=5428"},"modified":"2026-04-13T12:49:11","modified_gmt":"2026-04-13T10:49:11","slug":"oxymetre-de-pouls","status":"publish","type":"product","link":"https:\/\/chronopharma.fr\/?product=oxymetre-de-pouls","title":{"rendered":"Oxym\u00e8tre de Pouls &#8211; Norme ISO 80601-2-61"},"content":{"rendered":"<pre>Placez le doigt sur l\u2019oxym\u00e8tre professionnel, puis appuyez simplement sur le bouton d\u2019alimentation pour obtenir rapidement un r\u00e9sultat de mesure pr\u00e9cis de vos SpO2 (taux de \r\nsaturation du sang en oxyg\u00e8ne) et la fr\u00e9quence du pouls.\r\n\r\nL\u2019affichage haute d\u00e9finition vous permet de visualiser les r\u00e9sultats m\u00eame dans la nuit. \r\n2 piles AAA incluses dans l\u2019emballage profitent d\u2019une longue utilisation de l\u2019oxym\u00e8tre pendant 32 heures. \r\nAvec une longue dur\u00e9e de vie jusqu\u2019\u00e0 5 ans.\r\n\r\nL\u2019oxym\u00e8tre d\u2019impulsion passe automatiquement en mode d\u2019arr\u00eat dans les 8 secondes \r\napr\u00e8s que le doigt a quitt\u00e9 la sonde. Cordon inclus.\r\n<span style=\"font-size: 14pt;\">Mesure rapide et pr\u00e9cise :<\/span><\/pre>\n<ul>\n<li>\n<pre><span style=\"font-size: 14pt;\">SpO2 : taux de saturation en oxyg\u00e8ne<\/span><\/pre>\n<\/li>\n<li>\n<pre><span style=\"font-size: 14pt;\">Fr\u00e9quence du pouls et histogramme<\/span><\/pre>\n<\/li>\n<li>\n<pre><span style=\"font-size: 14pt;\">Indice de perfusion PI%<\/span><\/pre>\n<\/li>\n<\/ul>\n","protected":false},"excerpt":{"rendered":"<p><span style=\"font-size: 14pt;\"><strong>Norme :<\/strong> <span style=\"color: #ff0000;\">ISO 80601-2-61\u00a0 \u00a0 \u00a0 \u00a0 \u00a0 \u00a0 \u00a0 \u00a0 \u00a0 \u00a0 \u00a0 \u00a0 \u00a0 \u00a0 \u00a0 <\/span><\/span><span style=\"font-size: 14pt;\"><strong>Coloris :<\/strong> <span style=\"color: #ff0000;\">Noir<\/span><\/span><\/p>\n<p><span style=\"font-size: 14pt;\"><strong>Minimum d&rsquo;achat :<\/strong><\/span> <span style=\"color: #ff0000; font-size: 14pt;\">\u00a012 pcs\u00a0<\/span><\/p>\n<p><span style=\"font-size: 14pt;\"><strong>Palier d&rsquo;achat :<\/strong><\/span> <span style=\"color: #ff0000; font-size: 14pt;\">\u00a02 pcs par 2 pcs<\/span><\/p>\n<p><span style=\"font-size: 14pt;\"><strong>Conditionnement :<\/strong> <span style=\"color: #ff0000;\">100 pcs\/Colis<\/span><\/span><\/p>\n<table style=\"border-collapse: collapse; width: 97.6902%; height: 128px;\">\n<tbody>\n<tr style=\"height: 24px;\">\n<td style=\"width: 18.9919%; text-align: center; height: 24px;\"><span style=\"color: #99cc00;\"><strong>EN BOITE<\/strong><\/span><\/td>\n<td style=\"width: 19.372%; text-align: center; height: 24px;\"><span style=\"color: #99cc00;\"><b>PRIX DEGRESSIF PAR MASQUE<\/b><\/span><\/td>\n<\/tr>\n<tr style=\"height: 24px;\">\n<td style=\"width: 18.9919%; text-align: center; height: 24px;\">1 \u00e0 23<\/td>\n<td style=\"width: 19.372%; text-align: center; height: 24px;\">10,80 \u20ac<\/td>\n<\/tr>\n<tr style=\"height: 24px;\">\n<td style=\"width: 18.9919%; text-align: center; height: 24px;\">24 \u00e0 47<\/td>\n<td style=\"width: 19.372%; text-align: center; height: 24px;\">9,90 \u20ac<\/td>\n<\/tr>\n<tr style=\"height: 28px;\">\n<td style=\"width: 18.9919%; text-align: center; height: 28px;\">48 \u00e0 99<\/td>\n<td style=\"width: 19.372%; text-align: center; height: 28px;\">9,00 \u20ac<\/td>\n<\/tr>\n<tr style=\"height: 28px;\">\n<td style=\"width: 18.9919%; text-align: center; height: 28px;\">100 et +<\/td>\n<td style=\"width: 19.372%; text-align: center; height: 28px;\">7,80 \u20ac<\/td>\n<\/tr>\n<\/tbody>\n<\/table>\n<p>&nbsp;<\/p>\n","protected":false},"featured_media":6821,"comment_status":"open","ping_status":"closed","template":"","meta":{"_monsterinsights_skip_tracking":false,"_monsterinsights_sitenote_active":false,"_monsterinsights_sitenote_note":"","_monsterinsights_sitenote_category":0},"product_cat":[305,228,242],"product_tag":[],"bundled_by":[],"bundle_stock_status":"outofstock","bundle_stock_quantity":null,"bundle_virtual":false,"bundle_layout":"","bundle_add_to_cart_form_location":"","bundle_editable_in_cart":false,"bundle_sold_individually_context":"","bundle_item_grouping":"","bundle_min_size":"","bundle_max_size":"","bundled_items":[],"bundle_sell_ids":[],"yoast_head":"<!-- This site is optimized with the Yoast SEO plugin v16.5 - https:\/\/yoast.com\/wordpress\/plugins\/seo\/ -->\n<title>Oxym\u00e8tre de Pouls - Norme ISO 80601-2-61 - Chronopharma<\/title>\n<meta name=\"description\" content=\"\u00c9quipements m\u00e9dicaux avec un excellent rapport qualit\u00e9 prix. Livraison sous 24H ouvr\u00e9es. Livraison gratuite pour toute commande sup\u00e9rieure \u00e0 130\u20ac\" \/>\n<meta name=\"robots\" content=\"index, follow, max-snippet:-1, max-image-preview:large, max-video-preview:-1\" \/>\n<link rel=\"canonical\" href=\"https:\/\/chronopharma.fr\/?product=oxymetre-de-pouls\" \/>\n<meta property=\"og:locale\" content=\"fr_FR\" \/>\n<meta property=\"og:type\" content=\"article\" \/>\n<meta property=\"og:title\" content=\"Oxym\u00e8tre de Pouls - Norme ISO 80601-2-61 - Chronopharma\" \/>\n<meta property=\"og:description\" content=\"\u00c9quipements m\u00e9dicaux avec un excellent rapport qualit\u00e9 prix. Livraison sous 24H ouvr\u00e9es. Livraison gratuite pour toute commande sup\u00e9rieure \u00e0 130\u20ac\" \/>\n<meta property=\"og:url\" content=\"https:\/\/chronopharma.fr\/?product=oxymetre-de-pouls\" \/>\n<meta property=\"og:site_name\" content=\"Chronopharma\" \/>\n<meta property=\"article:modified_time\" content=\"2026-04-13T10:49:11+00:00\" \/>\n<meta property=\"og:image\" content=\"https:\/\/chronopharma.fr\/wp-content\/uploads\/2020\/12\/Oxymetre.jpg\" \/>\n\t<meta property=\"og:image:width\" content=\"600\" \/>\n\t<meta property=\"og:image:height\" content=\"600\" \/>\n<meta name=\"twitter:card\" content=\"summary_large_image\" \/>\n<meta name=\"twitter:label1\" content=\"Dur\u00e9e de lecture est.\" \/>\n\t<meta name=\"twitter:data1\" content=\"1 minute\" \/>\n<script type=\"application\/ld+json\" class=\"yoast-schema-graph\">{\"@context\":\"https:\/\/schema.org\",\"@graph\":[{\"@type\":\"Organization\",\"@id\":\"https:\/\/chronopharma.fr\/#organization\",\"name\":\"Chronopharma\",\"url\":\"https:\/\/chronopharma.fr\/\",\"sameAs\":[\"https:\/\/www.linkedin.com\/company\/pierre-yves-medical\/\"],\"logo\":{\"@type\":\"ImageObject\",\"@id\":\"https:\/\/chronopharma.fr\/#logo\",\"inLanguage\":\"fr-FR\",\"url\":\"http:\/\/chronopharma.fr\/wp-content\/uploads\/2021\/07\/cropped-Logo-2.png\",\"contentUrl\":\"http:\/\/chronopharma.fr\/wp-content\/uploads\/2021\/07\/cropped-Logo-2.png\",\"width\":512,\"height\":512,\"caption\":\"Chronopharma\"},\"image\":{\"@id\":\"https:\/\/chronopharma.fr\/#logo\"}},{\"@type\":\"WebSite\",\"@id\":\"https:\/\/chronopharma.fr\/#website\",\"url\":\"https:\/\/chronopharma.fr\/\",\"name\":\"Chronopharma\",\"description\":\"Mat\\u00e9riel m\\u00e9dical d\\u00e9di\\u00e9 \\u00e0 la protection contre les virus\",\"publisher\":{\"@id\":\"https:\/\/chronopharma.fr\/#organization\"},\"potentialAction\":[{\"@type\":\"SearchAction\",\"target\":\"https:\/\/chronopharma.fr\/?s={search_term_string}\",\"query-input\":\"required name=search_term_string\"}],\"inLanguage\":\"fr-FR\"},{\"@type\":\"ImageObject\",\"@id\":\"https:\/\/chronopharma.fr\/?product=oxymetre-de-pouls#primaryimage\",\"inLanguage\":\"fr-FR\",\"url\":\"https:\/\/chronopharma.fr\/wp-content\/uploads\/2020\/12\/Oxymetre.jpg\",\"contentUrl\":\"https:\/\/chronopharma.fr\/wp-content\/uploads\/2020\/12\/Oxymetre.jpg\",\"width\":600,\"height\":600,\"caption\":\"Oxym\\u00e8tre\"},{\"@type\":\"WebPage\",\"@id\":\"https:\/\/chronopharma.fr\/?product=oxymetre-de-pouls#webpage\",\"url\":\"https:\/\/chronopharma.fr\/?product=oxymetre-de-pouls\",\"name\":\"Oxym\\u00e8tre de Pouls - Norme ISO 80601-2-61 - Chronopharma\",\"isPartOf\":{\"@id\":\"https:\/\/chronopharma.fr\/#website\"},\"primaryImageOfPage\":{\"@id\":\"https:\/\/chronopharma.fr\/?product=oxymetre-de-pouls#primaryimage\"},\"datePublished\":\"2020-12-02T21:33:47+00:00\",\"dateModified\":\"2026-04-13T10:49:11+00:00\",\"description\":\"\\u00c9quipements m\\u00e9dicaux avec un excellent rapport qualit\\u00e9 prix. Livraison sous 24H ouvr\\u00e9es. Livraison gratuite pour toute commande sup\\u00e9rieure \\u00e0 130\\u20ac\",\"breadcrumb\":{\"@id\":\"https:\/\/chronopharma.fr\/?product=oxymetre-de-pouls#breadcrumb\"},\"inLanguage\":\"fr-FR\",\"potentialAction\":[{\"@type\":\"ReadAction\",\"target\":[\"https:\/\/chronopharma.fr\/?product=oxymetre-de-pouls\"]}]},{\"@type\":\"BreadcrumbList\",\"@id\":\"https:\/\/chronopharma.fr\/?product=oxymetre-de-pouls#breadcrumb\",\"itemListElement\":[{\"@type\":\"ListItem\",\"position\":1,\"name\":\"Accueil\",\"item\":\"https:\/\/chronopharma.fr\/\"},{\"@type\":\"ListItem\",\"position\":2,\"name\":\"Shop\",\"item\":\"https:\/\/chronopharma.fr\/?page_id=3853\"},{\"@type\":\"ListItem\",\"position\":3,\"name\":\"Oxym\\u00e8tre de Pouls &#8211; Norme ISO 80601-2-61\"}]}]}<\/script>\n<!-- \/ Yoast SEO plugin. -->","_links":{"self":[{"href":"https:\/\/chronopharma.fr\/index.php?rest_route=\/wp\/v2\/product\/5428"}],"collection":[{"href":"https:\/\/chronopharma.fr\/index.php?rest_route=\/wp\/v2\/product"}],"about":[{"href":"https:\/\/chronopharma.fr\/index.php?rest_route=\/wp\/v2\/types\/product"}],"replies":[{"embeddable":true,"href":"https:\/\/chronopharma.fr\/index.php?rest_route=%2Fwp%2Fv2%2Fcomments&post=5428"}],"wp:featuredmedia":[{"embeddable":true,"href":"https:\/\/chronopharma.fr\/index.php?rest_route=\/wp\/v2\/media\/6821"}],"wp:attachment":[{"href":"https:\/\/chronopharma.fr\/index.php?rest_route=%2Fwp%2Fv2%2Fmedia&parent=5428"}],"wp:term":[{"taxonomy":"product_cat","embeddable":true,"href":"https:\/\/chronopharma.fr\/index.php?rest_route=%2Fwp%2Fv2%2Fproduct_cat&post=5428"},{"taxonomy":"product_tag","embeddable":true,"href":"https:\/\/chronopharma.fr\/index.php?rest_route=%2Fwp%2Fv2%2Fproduct_tag&post=5428"}],"curies":[{"name":"wp","href":"https:\/\/api.w.org\/{rel}","templated":true}]}}